{"id":9597,"date":"2022-01-21T09:42:25","date_gmt":"2022-01-21T09:42:25","guid":{"rendered":"http:\/\/cg.spafits.com\/?post_type=product&#038;p=9597"},"modified":"2026-02-02T08:48:54","modified_gmt":"2026-02-02T08:48:54","slug":"hex-bucice-u-velicinama","status":"publish","type":"product","link":"https:\/\/cg.spafits.com\/index.php\/product\/hex-bucice-u-velicinama\/","title":{"rendered":"Hex bu\u010dice u veli\u010dinama &#8211; Dumbbells"},"content":{"rendered":"","protected":false},"excerpt":{"rendered":"<p><strong>NAPOMENA: OVAJ PROIZVOD MO\u017dETE PORU\u010cITI ISKLJU\u010cIVO U PARU (U OPCIJAMA ZA KOLI\u010cINU IZABERITE 2,4,6,8&#8230;)<\/strong><\/p>\n<p>1013 &#8211; Hex bu\u0107ice u veli\u010dinama<br \/>\n1kg &#8211; 10kg u razmaku od 1kg&#8230; Crna Gora: 2.99 \u20ac<\/p>\n<p>Materijal: liveno gvo\u017e\u0111e + guma<\/p>\n","protected":false},"featured_media":9634,"template":"","meta":[],"product_brand":[],"product_cat":[84,123],"product_tag":[],"class_list":{"0":"post-9597","1":"product","2":"type-product","3":"status-publish","4":"has-post-thumbnail","6":"product_cat-rekviziti","7":"product_cat-tegovi","9":"first","10":"instock","11":"shipping-taxable","12":"purchasable","13":"product-type-variable"},"_links":{"self":[{"href":"https:\/\/cg.spafits.com\/index.php\/wp-json\/wp\/v2\/product\/9597","targetHints":{"allow":["GET"]}}],"collection":[{"href":"https:\/\/cg.spafits.com\/index.php\/wp-json\/wp\/v2\/product"}],"about":[{"href":"https:\/\/cg.spafits.com\/index.php\/wp-json\/wp\/v2\/types\/product"}],"version-history":[{"count":7,"href":"https:\/\/cg.spafits.com\/index.php\/wp-json\/wp\/v2\/product\/9597\/revisions"}],"predecessor-version":[{"id":12415,"href":"https:\/\/cg.spafits.com\/index.php\/wp-json\/wp\/v2\/product\/9597\/revisions\/12415"}],"wp:featuredmedia":[{"embeddable":true,"href":"https:\/\/cg.spafits.com\/index.php\/wp-json\/wp\/v2\/media\/9634"}],"wp:attachment":[{"href":"https:\/\/cg.spafits.com\/index.php\/wp-json\/wp\/v2\/media?parent=9597"}],"wp:term":[{"taxonomy":"product_brand","embeddable":true,"href":"https:\/\/cg.spafits.com\/index.php\/wp-json\/wp\/v2\/product_brand?post=9597"},{"taxonomy":"product_cat","embeddable":true,"href":"https:\/\/cg.spafits.com\/index.php\/wp-json\/wp\/v2\/product_cat?post=9597"},{"taxonomy":"product_tag","embeddable":true,"href":"https:\/\/cg.spafits.com\/index.php\/wp-json\/wp\/v2\/product_tag?post=9597"}],"curies":[{"name":"wp","href":"https:\/\/api.w.org\/{rel}","templated":true}]}}