{"id":9479,"date":"2022-01-21T09:41:43","date_gmt":"2022-01-21T09:41:43","guid":{"rendered":"http:\/\/cg.spafits.com\/?post_type=product&#038;p=9479"},"modified":"2026-01-21T12:15:44","modified_gmt":"2026-01-21T12:15:44","slug":"strunjaca","status":"publish","type":"product","link":"https:\/\/cg.spafits.com\/index.php\/product\/strunjaca\/","title":{"rendered":"Strunja\u010da"},"content":{"rendered":"","protected":false},"excerpt":{"rendered":"<p>Materijal: NBR Veli\u010dina: 180 * 60 * 1,5 cm Te\u017eina: 1.2 kg<\/p>\n","protected":false},"featured_media":9516,"template":"","meta":[],"product_brand":[],"product_cat":[87,84],"product_tag":[],"class_list":{"0":"post-9479","1":"product","2":"type-product","3":"status-publish","4":"has-post-thumbnail","6":"product_cat-fitness-oprema","7":"product_cat-rekviziti","9":"first","10":"instock","11":"shipping-taxable","12":"purchasable","13":"product-type-simple"},"_links":{"self":[{"href":"https:\/\/cg.spafits.com\/index.php\/wp-json\/wp\/v2\/product\/9479","targetHints":{"allow":["GET"]}}],"collection":[{"href":"https:\/\/cg.spafits.com\/index.php\/wp-json\/wp\/v2\/product"}],"about":[{"href":"https:\/\/cg.spafits.com\/index.php\/wp-json\/wp\/v2\/types\/product"}],"version-history":[{"count":3,"href":"https:\/\/cg.spafits.com\/index.php\/wp-json\/wp\/v2\/product\/9479\/revisions"}],"predecessor-version":[{"id":12401,"href":"https:\/\/cg.spafits.com\/index.php\/wp-json\/wp\/v2\/product\/9479\/revisions\/12401"}],"wp:featuredmedia":[{"embeddable":true,"href":"https:\/\/cg.spafits.com\/index.php\/wp-json\/wp\/v2\/media\/9516"}],"wp:attachment":[{"href":"https:\/\/cg.spafits.com\/index.php\/wp-json\/wp\/v2\/media?parent=9479"}],"wp:term":[{"taxonomy":"product_brand","embeddable":true,"href":"https:\/\/cg.spafits.com\/index.php\/wp-json\/wp\/v2\/product_brand?post=9479"},{"taxonomy":"product_cat","embeddable":true,"href":"https:\/\/cg.spafits.com\/index.php\/wp-json\/wp\/v2\/product_cat?post=9479"},{"taxonomy":"product_tag","embeddable":true,"href":"https:\/\/cg.spafits.com\/index.php\/wp-json\/wp\/v2\/product_tag?post=9479"}],"curies":[{"name":"wp","href":"https:\/\/api.w.org\/{rel}","templated":true}]}}