{"id":9472,"date":"2022-01-21T09:41:43","date_gmt":"2022-01-21T09:41:43","guid":{"rendered":"http:\/\/cg.spafits.com\/?post_type=product&#038;p=9472"},"modified":"2026-04-25T17:00:08","modified_gmt":"2026-04-25T17:00:08","slug":"gimnasticarska-guma-razlicitih-opterecenja","status":"publish","type":"product","link":"https:\/\/cg.spafits.com\/index.php\/product\/gimnasticarska-guma-razlicitih-opterecenja\/","title":{"rendered":"Gimnasti\u010darska guma razli\u010ditih optere\u0107enja."},"content":{"rendered":"","protected":false},"excerpt":{"rendered":"<p>Crvena 2080*13*4.5mm 118g 15-35lb<br \/>\nCrna 2080*22*4.5mm 183g 25-65lb<br \/>\nLjubi\u010dasta 2080*32*4.5mm 267g 35-85lb<br \/>\nZelena 2080*45*4.5mm 381g 50-125lb<br \/>\nPlava 2080*64*4.5mm 542g 65-175lb<br \/>\nNarand\u017easta 2080*83*4.5mm 727g 80-230lb<\/p>\n","protected":false},"featured_media":10071,"template":"","meta":[],"product_brand":[],"product_cat":[124,84],"product_tag":[],"class_list":{"0":"post-9472","1":"product","2":"type-product","3":"status-publish","4":"has-post-thumbnail","6":"product_cat-gume","7":"product_cat-rekviziti","9":"first","10":"instock","11":"shipping-taxable","12":"purchasable","13":"product-type-variable"},"_links":{"self":[{"href":"https:\/\/cg.spafits.com\/index.php\/wp-json\/wp\/v2\/product\/9472","targetHints":{"allow":["GET"]}}],"collection":[{"href":"https:\/\/cg.spafits.com\/index.php\/wp-json\/wp\/v2\/product"}],"about":[{"href":"https:\/\/cg.spafits.com\/index.php\/wp-json\/wp\/v2\/types\/product"}],"version-history":[{"count":3,"href":"https:\/\/cg.spafits.com\/index.php\/wp-json\/wp\/v2\/product\/9472\/revisions"}],"predecessor-version":[{"id":10502,"href":"https:\/\/cg.spafits.com\/index.php\/wp-json\/wp\/v2\/product\/9472\/revisions\/10502"}],"wp:featuredmedia":[{"embeddable":true,"href":"https:\/\/cg.spafits.com\/index.php\/wp-json\/wp\/v2\/media\/10071"}],"wp:attachment":[{"href":"https:\/\/cg.spafits.com\/index.php\/wp-json\/wp\/v2\/media?parent=9472"}],"wp:term":[{"taxonomy":"product_brand","embeddable":true,"href":"https:\/\/cg.spafits.com\/index.php\/wp-json\/wp\/v2\/product_brand?post=9472"},{"taxonomy":"product_cat","embeddable":true,"href":"https:\/\/cg.spafits.com\/index.php\/wp-json\/wp\/v2\/product_cat?post=9472"},{"taxonomy":"product_tag","embeddable":true,"href":"https:\/\/cg.spafits.com\/index.php\/wp-json\/wp\/v2\/product_tag?post=9472"}],"curies":[{"name":"wp","href":"https:\/\/api.w.org\/{rel}","templated":true}]}}