{"id":9468,"date":"2022-01-21T09:41:43","date_gmt":"2022-01-21T09:41:43","guid":{"rendered":"http:\/\/cg.spafits.com\/?post_type=product&#038;p=9468"},"modified":"2023-03-16T05:20:04","modified_gmt":"2023-03-16T05:20:04","slug":"roler-za-trening-trbusnjaka-i-citavog-tela","status":"publish","type":"product","link":"https:\/\/cg.spafits.com\/index.php\/product\/roler-za-trening-trbusnjaka-i-citavog-tela\/","title":{"rendered":"Roler za trening trbu\u0161njaka i \u010ditavog tela"},"content":{"rendered":"","protected":false},"excerpt":{"rendered":"<p>Roler za trening trbu\u0161njaka<br \/>\ni \u010ditavog tela<\/p>\n","protected":false},"featured_media":9510,"template":"","meta":[],"product_brand":[],"product_cat":[87,103],"product_tag":[],"class_list":{"0":"post-9468","1":"product","2":"type-product","3":"status-publish","4":"has-post-thumbnail","6":"product_cat-fitness-oprema","7":"product_cat-oprema-za-teretanu","9":"first","10":"instock","11":"shipping-taxable","12":"purchasable","13":"product-type-simple"},"_links":{"self":[{"href":"https:\/\/cg.spafits.com\/index.php\/wp-json\/wp\/v2\/product\/9468","targetHints":{"allow":["GET"]}}],"collection":[{"href":"https:\/\/cg.spafits.com\/index.php\/wp-json\/wp\/v2\/product"}],"about":[{"href":"https:\/\/cg.spafits.com\/index.php\/wp-json\/wp\/v2\/types\/product"}],"version-history":[{"count":1,"href":"https:\/\/cg.spafits.com\/index.php\/wp-json\/wp\/v2\/product\/9468\/revisions"}],"predecessor-version":[{"id":9511,"href":"https:\/\/cg.spafits.com\/index.php\/wp-json\/wp\/v2\/product\/9468\/revisions\/9511"}],"wp:featuredmedia":[{"embeddable":true,"href":"https:\/\/cg.spafits.com\/index.php\/wp-json\/wp\/v2\/media\/9510"}],"wp:attachment":[{"href":"https:\/\/cg.spafits.com\/index.php\/wp-json\/wp\/v2\/media?parent=9468"}],"wp:term":[{"taxonomy":"product_brand","embeddable":true,"href":"https:\/\/cg.spafits.com\/index.php\/wp-json\/wp\/v2\/product_brand?post=9468"},{"taxonomy":"product_cat","embeddable":true,"href":"https:\/\/cg.spafits.com\/index.php\/wp-json\/wp\/v2\/product_cat?post=9468"},{"taxonomy":"product_tag","embeddable":true,"href":"https:\/\/cg.spafits.com\/index.php\/wp-json\/wp\/v2\/product_tag?post=9468"}],"curies":[{"name":"wp","href":"https:\/\/api.w.org\/{rel}","templated":true}]}}