{"id":9466,"date":"2022-01-21T09:41:42","date_gmt":"2022-01-21T09:41:42","guid":{"rendered":"http:\/\/cg.spafits.com\/?post_type=product&#038;p=9466"},"modified":"2025-12-05T11:12:28","modified_gmt":"2025-12-05T11:12:28","slug":"drzac-za-sipke","status":"publish","type":"product","link":"https:\/\/cg.spafits.com\/index.php\/product\/drzac-za-sipke\/","title":{"rendered":"Dr\u017ea\u010d za \u0161ipke"},"content":{"rendered":"","protected":false},"excerpt":{"rendered":"<p>Dr\u017ea\u010d za \u0161ipke<\/p>\n","protected":false},"featured_media":9506,"template":"","meta":[],"product_brand":[],"product_cat":[72,84,122],"product_tag":[],"class_list":{"0":"post-9466","1":"product","2":"type-product","3":"status-publish","4":"has-post-thumbnail","6":"product_cat-dodatna-oprema-za-teretane","7":"product_cat-rekviziti","8":"product_cat-sipke-i-osiguraci","10":"first","11":"instock","12":"shipping-taxable","13":"purchasable","14":"product-type-simple"},"_links":{"self":[{"href":"https:\/\/cg.spafits.com\/index.php\/wp-json\/wp\/v2\/product\/9466","targetHints":{"allow":["GET"]}}],"collection":[{"href":"https:\/\/cg.spafits.com\/index.php\/wp-json\/wp\/v2\/product"}],"about":[{"href":"https:\/\/cg.spafits.com\/index.php\/wp-json\/wp\/v2\/types\/product"}],"version-history":[{"count":1,"href":"https:\/\/cg.spafits.com\/index.php\/wp-json\/wp\/v2\/product\/9466\/revisions"}],"predecessor-version":[{"id":9507,"href":"https:\/\/cg.spafits.com\/index.php\/wp-json\/wp\/v2\/product\/9466\/revisions\/9507"}],"wp:featuredmedia":[{"embeddable":true,"href":"https:\/\/cg.spafits.com\/index.php\/wp-json\/wp\/v2\/media\/9506"}],"wp:attachment":[{"href":"https:\/\/cg.spafits.com\/index.php\/wp-json\/wp\/v2\/media?parent=9466"}],"wp:term":[{"taxonomy":"product_brand","embeddable":true,"href":"https:\/\/cg.spafits.com\/index.php\/wp-json\/wp\/v2\/product_brand?post=9466"},{"taxonomy":"product_cat","embeddable":true,"href":"https:\/\/cg.spafits.com\/index.php\/wp-json\/wp\/v2\/product_cat?post=9466"},{"taxonomy":"product_tag","embeddable":true,"href":"https:\/\/cg.spafits.com\/index.php\/wp-json\/wp\/v2\/product_tag?post=9466"}],"curies":[{"name":"wp","href":"https:\/\/api.w.org\/{rel}","templated":true}]}}