{"id":9371,"date":"2022-01-21T09:41:08","date_gmt":"2022-01-21T09:41:08","guid":{"rendered":"http:\/\/cg.spafits.com\/?post_type=product&#038;p=9371"},"modified":"2024-03-23T23:27:25","modified_gmt":"2024-03-23T23:27:25","slug":"ploce-tegovi-sa-rukohvatom","status":"publish","type":"product","link":"https:\/\/cg.spafits.com\/index.php\/product\/ploce-tegovi-sa-rukohvatom\/","title":{"rendered":"Plo\u010de tegovi sa rukohvatom"},"content":{"rendered":"","protected":false},"excerpt":{"rendered":"<p><strong>NAPOMENA: OVAJ PROIZVOD MO\u017dETE PORU\u010cITI ISKLJU\u010cIVO U PARU (U OPCIJAMA ZA KOLI\u010cINU IZABERITE 2,4,6,8&#8230;)<\/strong><\/p>\n<p>1.25 \/ 2.5 \/ 5 kg \/ 10 kg \/ 15 kg \/ 20 kg<\/p>\n<p>Crna Gora: 2.99 \u20ac\/ KG<\/p>\n","protected":false},"featured_media":9406,"template":"","meta":[],"product_brand":[],"product_cat":[87,84],"product_tag":[],"class_list":{"0":"post-9371","1":"product","2":"type-product","3":"status-publish","4":"has-post-thumbnail","6":"product_cat-fitness-oprema","7":"product_cat-rekviziti","9":"first","10":"instock","11":"shipping-taxable","12":"purchasable","13":"product-type-variable"},"_links":{"self":[{"href":"https:\/\/cg.spafits.com\/index.php\/wp-json\/wp\/v2\/product\/9371","targetHints":{"allow":["GET"]}}],"collection":[{"href":"https:\/\/cg.spafits.com\/index.php\/wp-json\/wp\/v2\/product"}],"about":[{"href":"https:\/\/cg.spafits.com\/index.php\/wp-json\/wp\/v2\/types\/product"}],"version-history":[{"count":6,"href":"https:\/\/cg.spafits.com\/index.php\/wp-json\/wp\/v2\/product\/9371\/revisions"}],"predecessor-version":[{"id":10662,"href":"https:\/\/cg.spafits.com\/index.php\/wp-json\/wp\/v2\/product\/9371\/revisions\/10662"}],"wp:featuredmedia":[{"embeddable":true,"href":"https:\/\/cg.spafits.com\/index.php\/wp-json\/wp\/v2\/media\/9406"}],"wp:attachment":[{"href":"https:\/\/cg.spafits.com\/index.php\/wp-json\/wp\/v2\/media?parent=9371"}],"wp:term":[{"taxonomy":"product_brand","embeddable":true,"href":"https:\/\/cg.spafits.com\/index.php\/wp-json\/wp\/v2\/product_brand?post=9371"},{"taxonomy":"product_cat","embeddable":true,"href":"https:\/\/cg.spafits.com\/index.php\/wp-json\/wp\/v2\/product_cat?post=9371"},{"taxonomy":"product_tag","embeddable":true,"href":"https:\/\/cg.spafits.com\/index.php\/wp-json\/wp\/v2\/product_tag?post=9371"}],"curies":[{"name":"wp","href":"https:\/\/api.w.org\/{rel}","templated":true}]}}