{"id":9363,"date":"2022-01-21T09:41:08","date_gmt":"2022-01-21T09:41:08","guid":{"rendered":"http:\/\/cg.spafits.com\/?post_type=product&#038;p=9363"},"modified":"2025-09-05T07:55:07","modified_gmt":"2025-09-05T07:55:07","slug":"ploce-bumperi-testirane-na-10000-bacanja","status":"publish","type":"product","link":"https:\/\/cg.spafits.com\/index.php\/product\/ploce-bumperi-testirane-na-10000-bacanja\/","title":{"rendered":"Plo\u010de \u201cbumperi\u201d, testirane na 10000 bacanja"},"content":{"rendered":"<p>5Kg pre\u010dnik 45,2cm*2,4cm debljina<\/p>\n<p>10kg pre\u010dnik 45,2cm*4,5cm debljina<\/p>\n<p>15kg pre\u010dnik 45,2cm*6cm debljina<\/p>\n<p>20kg pre\u010dnik 45,2cm *7,8cm debljina<\/p>\n<p>25kg pre\u010dnik 45,2cm*10,4cm debljina<\/p>\n","protected":false},"excerpt":{"rendered":"<p>5 kg \/ 10,kg \/ 15 kg \/ 20 kg \/<\/p>\n<p>Crna Gora: 3.00 \u20ac\/ KG<\/p>\n<p>Materijal: guma<\/p>\n<p><strong>NAPOMENA: OVAJ PROIZVOD MO\u017dETE PORU\u010cITI ISKLJU\u010cIVO U PARU<\/strong><\/p>\n","protected":false},"featured_media":12075,"template":"","meta":[],"product_brand":[],"product_cat":[84],"product_tag":[],"class_list":{"0":"post-9363","1":"product","2":"type-product","3":"status-publish","4":"has-post-thumbnail","6":"product_cat-rekviziti","8":"first","9":"instock","10":"shipping-taxable","11":"purchasable","12":"product-type-variable"},"_links":{"self":[{"href":"https:\/\/cg.spafits.com\/index.php\/wp-json\/wp\/v2\/product\/9363","targetHints":{"allow":["GET"]}}],"collection":[{"href":"https:\/\/cg.spafits.com\/index.php\/wp-json\/wp\/v2\/product"}],"about":[{"href":"https:\/\/cg.spafits.com\/index.php\/wp-json\/wp\/v2\/types\/product"}],"version-history":[{"count":10,"href":"https:\/\/cg.spafits.com\/index.php\/wp-json\/wp\/v2\/product\/9363\/revisions"}],"predecessor-version":[{"id":12121,"href":"https:\/\/cg.spafits.com\/index.php\/wp-json\/wp\/v2\/product\/9363\/revisions\/12121"}],"wp:featuredmedia":[{"embeddable":true,"href":"https:\/\/cg.spafits.com\/index.php\/wp-json\/wp\/v2\/media\/12075"}],"wp:attachment":[{"href":"https:\/\/cg.spafits.com\/index.php\/wp-json\/wp\/v2\/media?parent=9363"}],"wp:term":[{"taxonomy":"product_brand","embeddable":true,"href":"https:\/\/cg.spafits.com\/index.php\/wp-json\/wp\/v2\/product_brand?post=9363"},{"taxonomy":"product_cat","embeddable":true,"href":"https:\/\/cg.spafits.com\/index.php\/wp-json\/wp\/v2\/product_cat?post=9363"},{"taxonomy":"product_tag","embeddable":true,"href":"https:\/\/cg.spafits.com\/index.php\/wp-json\/wp\/v2\/product_tag?post=9363"}],"curies":[{"name":"wp","href":"https:\/\/api.w.org\/{rel}","templated":true}]}}