{"id":9310,"date":"2022-01-21T09:40:45","date_gmt":"2022-01-21T09:40:45","guid":{"rendered":"http:\/\/cg.spafits.com\/?post_type=product&#038;p=9310"},"modified":"2025-09-01T11:39:51","modified_gmt":"2025-09-01T11:39:51","slug":"5000-olimpijska-sipka-zenska","status":"publish","type":"product","link":"https:\/\/cg.spafits.com\/index.php\/product\/5000-olimpijska-sipka-zenska\/","title":{"rendered":"5000 &#8211; Olimpijska \u0161ipka (\u017denska)"},"content":{"rendered":"<p>\u0160ipka za olimpijsko dizanje \/ Crossfit)<br \/>\n\u017denska:<\/p>\n<p>Dr\u0161ka od crnog cinka i tvrdi hromirani rukavi, materijal\/zavr\u0161na obrada osovine: visokokvalitetni alio \u010delik\/tvrdo hromirani du\u017eina: 2010 mm\/maksimalno opterec\u0301enje: 1000 LB\/te\u017eina: 15 kg\/pre\u010dnik: 25 mm<\/p>\n","protected":false},"excerpt":{"rendered":"<p>\u0160ipka za olimpijsko dizanje \/ Crossfit)<br \/>\n\u017denska 200cm\/5cm 15kg,<br \/>\ndo 450kg nosivost<\/p>\n","protected":false},"featured_media":9380,"template":"","meta":[],"product_brand":[],"product_cat":[87,84,122],"product_tag":[],"class_list":{"0":"post-9310","1":"product","2":"type-product","3":"status-publish","4":"has-post-thumbnail","6":"product_cat-fitness-oprema","7":"product_cat-rekviziti","8":"product_cat-sipke-i-osiguraci","10":"first","11":"instock","12":"shipping-taxable","13":"purchasable","14":"product-type-simple"},"_links":{"self":[{"href":"https:\/\/cg.spafits.com\/index.php\/wp-json\/wp\/v2\/product\/9310","targetHints":{"allow":["GET"]}}],"collection":[{"href":"https:\/\/cg.spafits.com\/index.php\/wp-json\/wp\/v2\/product"}],"about":[{"href":"https:\/\/cg.spafits.com\/index.php\/wp-json\/wp\/v2\/types\/product"}],"version-history":[{"count":2,"href":"https:\/\/cg.spafits.com\/index.php\/wp-json\/wp\/v2\/product\/9310\/revisions"}],"predecessor-version":[{"id":10479,"href":"https:\/\/cg.spafits.com\/index.php\/wp-json\/wp\/v2\/product\/9310\/revisions\/10479"}],"wp:featuredmedia":[{"embeddable":true,"href":"https:\/\/cg.spafits.com\/index.php\/wp-json\/wp\/v2\/media\/9380"}],"wp:attachment":[{"href":"https:\/\/cg.spafits.com\/index.php\/wp-json\/wp\/v2\/media?parent=9310"}],"wp:term":[{"taxonomy":"product_brand","embeddable":true,"href":"https:\/\/cg.spafits.com\/index.php\/wp-json\/wp\/v2\/product_brand?post=9310"},{"taxonomy":"product_cat","embeddable":true,"href":"https:\/\/cg.spafits.com\/index.php\/wp-json\/wp\/v2\/product_cat?post=9310"},{"taxonomy":"product_tag","embeddable":true,"href":"https:\/\/cg.spafits.com\/index.php\/wp-json\/wp\/v2\/product_tag?post=9310"}],"curies":[{"name":"wp","href":"https:\/\/api.w.org\/{rel}","templated":true}]}}