{"id":9309,"date":"2022-01-21T09:40:45","date_gmt":"2022-01-21T09:40:45","guid":{"rendered":"http:\/\/cg.spafits.com\/?post_type=product&#038;p=9309"},"modified":"2025-02-05T10:16:59","modified_gmt":"2025-02-05T10:16:59","slug":"5000-olimpijska-sipka-muska","status":"publish","type":"product","link":"https:\/\/cg.spafits.com\/index.php\/product\/5000-olimpijska-sipka-muska\/","title":{"rendered":"5000 &#8211; Olimpijska \u0161ipka (Mu\u0161ka)"},"content":{"rendered":"","protected":false},"excerpt":{"rendered":"<p>(\u0160ipka za olimpijsko dizanje \/ Crossfit)<br \/>\nMu\u0161ka 220cm\/5cm 20kg, do 680kg nosivost.<\/p>\n<p>Opis:<br \/>\nDr\u0161ka od crnog cinka i \u010dvrsti hromirani rukavi, materijal\/zavr\u0161na obrada osovine:Allio \u010delik\/tvrdo hromirani du\u017eina:2200mm\/maksimalno opterec\u0301enje:1500LB\/te\u017eina:20KG\/pre\u010dnik:28MM<\/p>\n","protected":false},"featured_media":9380,"template":"","meta":[],"product_brand":[],"product_cat":[87,84,122],"product_tag":[],"class_list":{"0":"post-9309","1":"product","2":"type-product","3":"status-publish","4":"has-post-thumbnail","6":"product_cat-fitness-oprema","7":"product_cat-rekviziti","8":"product_cat-sipke-i-osiguraci","10":"first","11":"instock","12":"shipping-taxable","13":"purchasable","14":"product-type-simple"},"_links":{"self":[{"href":"https:\/\/cg.spafits.com\/index.php\/wp-json\/wp\/v2\/product\/9309","targetHints":{"allow":["GET"]}}],"collection":[{"href":"https:\/\/cg.spafits.com\/index.php\/wp-json\/wp\/v2\/product"}],"about":[{"href":"https:\/\/cg.spafits.com\/index.php\/wp-json\/wp\/v2\/types\/product"}],"version-history":[{"count":3,"href":"https:\/\/cg.spafits.com\/index.php\/wp-json\/wp\/v2\/product\/9309\/revisions"}],"predecessor-version":[{"id":10478,"href":"https:\/\/cg.spafits.com\/index.php\/wp-json\/wp\/v2\/product\/9309\/revisions\/10478"}],"wp:featuredmedia":[{"embeddable":true,"href":"https:\/\/cg.spafits.com\/index.php\/wp-json\/wp\/v2\/media\/9380"}],"wp:attachment":[{"href":"https:\/\/cg.spafits.com\/index.php\/wp-json\/wp\/v2\/media?parent=9309"}],"wp:term":[{"taxonomy":"product_brand","embeddable":true,"href":"https:\/\/cg.spafits.com\/index.php\/wp-json\/wp\/v2\/product_brand?post=9309"},{"taxonomy":"product_cat","embeddable":true,"href":"https:\/\/cg.spafits.com\/index.php\/wp-json\/wp\/v2\/product_cat?post=9309"},{"taxonomy":"product_tag","embeddable":true,"href":"https:\/\/cg.spafits.com\/index.php\/wp-json\/wp\/v2\/product_tag?post=9309"}],"curies":[{"name":"wp","href":"https:\/\/api.w.org\/{rel}","templated":true}]}}