{"id":9250,"date":"2022-01-21T09:40:24","date_gmt":"2022-01-21T09:40:24","guid":{"rendered":"http:\/\/cg.spafits.com\/?post_type=product&#038;p=9250"},"modified":"2026-04-19T12:14:16","modified_gmt":"2026-04-19T12:14:16","slug":"treadmill-with-touch-screen","status":"publish","type":"product","link":"https:\/\/cg.spafits.com\/index.php\/product\/treadmill-with-touch-screen\/","title":{"rendered":"Treadmill With Touch Screen"},"content":{"rendered":"<p>Traka za tr\u010danje s ekranom osjetljivim na dodir pru\u017ea korisnicima jedinstveno iskustvo vje\u017ebanja, kombiniraju\u0107i tradicionalno tr\u010danje s modernim ekranom osjetljivim na dodir. S mo\u0107nim vektor kontrolnim frekvencijskim pretvara\u010dem i motorom od 6.0HP, ova traka omogu\u0107ava korisnicima da pode\u0161avaju brzinu tr\u010danja od 1.6 do 20 km\/h, prilago\u0111avaju\u0107i se razli\u010ditim potrebama vje\u017eba\u010da.<\/p>\n<p>Posebno isti\u010demo ekran od 18.5 in\u010da osjetljiv na dodir, koji omogu\u0107ava korisnicima da prate trening, koriste aplikacije ili u\u017eivaju u zabavnim sadr\u017eajima tijekom vje\u017ebanja. S dimenzijama trka\u0107e povr\u0161ine od 620 x 1580 mm, korisnici imaju dovoljno prostora za udobno tr\u010danje.<\/p>\n<p>Napredno iskustvo tr\u010danja: Traka s ekranom osjetljivim na dodir pru\u017ea napredno iskustvo vje\u017ebanja, omogu\u0107avaju\u0107i korisnicima da prate trening, koriste aplikacije ili se zabavljaju tijekom tr\u010danja.<br \/>\nPode\u0161avanje brzine prema potrebama: Vektor kontrolni frekvencijski pretvara\u010d omogu\u0107ava pode\u0161avanje brzine tr\u010danja od 1.6 do 20 km\/h, prilago\u0111avaju\u0107i intenzitet treninga.<br \/>\nVeliki ekran od 18.5 in\u010da: Ekran osjetljiv na dodir pru\u017ea korisnicima mogu\u0107nost da jednostavno koriste funkcije ure\u0111aja i u\u017eivaju u multimedijalnom sadr\u017eaju tijekom vje\u017ebanja.<br \/>\nMo\u0107an motor: 6.0HP<br \/>\nMotor za elevator: 1\/6HP<br \/>\nPromjer valjka: 90 mm<br \/>\nDebljina trka\u0107e trake: 4.0 mm<br \/>\nDebljina trka\u0107e plo\u010de: 25 mm<br \/>\nPovr\u0161ina za tr\u010danje: 620 x 1580 mm<br \/>\nBrzina: 1.6-20 KM\/h<br \/>\nBruto te\u017eina: 285 KG<br \/>\nEkran: 18.5 in\u010da<\/p>\n<p>1. Motor: Brend The Great Wall<br \/>\n2. AC motor s promjenjivom frekvencijom, 220V 8.6A 3.0HP\/7.0HP MAX<br \/>\n3. Invertor: Frekventni konvertor s vektorskom kontrolom 3HP\/7.0HP MAX<br \/>\n8. Promjer valjka: 90 mm<br \/>\n9. Traka za tr\u010danje: 3.2 mm<br \/>\n10. Antistati\u010dki, dijamantski uzorak<br \/>\n11. Okomiti dio: s aluminijem<br \/>\n12. Pedala: s aluminijem<br \/>\n13. Plo\u010da za tr\u010danje: 25 mm, sa slojem otpornim na habanje s obje strane<br \/>\n14. Opseg brzine: 1.0-20 km\/h<br \/>\n15. Opseg nagiba: 0-15%<br \/>\n16. Maksimalna te\u017eina korisnika: 180 kg<br \/>\n17. Veli\u010dina: 2050*950*1600 mm<br \/>\n18. Povr\u0161ina za tr\u010danje: 620*1580 mm<br \/>\n19. Pakiranje, 2 paketa: 2200*1000*480 mm + 1150*1010*480 mm<br \/>\n20. N.W.\/G.W.: 208 kg\/232 kg<br \/>\n21. Konzola: Tip zaslona: Alfanumeri\u010dki LED<br \/>\n22. Prikaz povratnih informacija: Udaljenost, proteklo vrijeme, preostalo vrijeme, kalorije, brzina, nagib, puls, profil<br \/>\n23. Programi: Ru\u010dno, brda, sagorijevanje masti, 5k, cilj HR, Gerkin protokol<\/p>\n<p>Jedno dugme za brzo pokretanje<br \/>\nFunkcija pauze<br \/>\nPromjena programa u toku rada<\/p>\n<p>Dugoro\u010dna garancija: S ponosom nudimo 2 godine garancije na Traku za tr\u010danje s ekranom osjetljivim na dodir, pru\u017eaju\u0107i korisnicima sigurnost i pouzdanost tijekom njihovog fitnes putovanja.<\/p>\n","protected":false},"excerpt":{"rendered":"<p>\u0160ifra proizvoda: 9500B<\/p>\n<p>Treadmill\u00a0With Touch Screen (TV)<span class=\"text_exposed_show\"><br \/>\n1. vector control frequency converter<br \/>\n3. 0HP- 6.0HP<br \/>\n2. Elevator motor: 1\/6HP<br \/>\n3. Diameter of roller: 90mm<br \/>\n4. Thickness of running belt: 4.0mm<br \/>\n5. Thickness of running board: 25mm<br \/>\n6. Running area: 620 x 1580mm<br \/>\n7. Speed: 1.6-20 KM\/Hour<br \/>\n8. GW.: 285 KGS<br \/>\n9. Screen: 18.5 inch screen<\/span><\/p>\n<p>10. Max user weight: 180kg<\/p>\n","protected":false},"featured_media":11216,"template":"","meta":[],"product_brand":[],"product_cat":[78],"product_tag":[],"class_list":{"0":"post-9250","1":"product","2":"type-product","3":"status-publish","4":"has-post-thumbnail","6":"product_cat-trake-za-trcanje","8":"first","9":"instock","10":"shipping-taxable","11":"purchasable","12":"product-type-simple"},"_links":{"self":[{"href":"https:\/\/cg.spafits.com\/index.php\/wp-json\/wp\/v2\/product\/9250","targetHints":{"allow":["GET"]}}],"collection":[{"href":"https:\/\/cg.spafits.com\/index.php\/wp-json\/wp\/v2\/product"}],"about":[{"href":"https:\/\/cg.spafits.com\/index.php\/wp-json\/wp\/v2\/types\/product"}],"version-history":[{"count":3,"href":"https:\/\/cg.spafits.com\/index.php\/wp-json\/wp\/v2\/product\/9250\/revisions"}],"predecessor-version":[{"id":11129,"href":"https:\/\/cg.spafits.com\/index.php\/wp-json\/wp\/v2\/product\/9250\/revisions\/11129"}],"wp:featuredmedia":[{"embeddable":true,"href":"https:\/\/cg.spafits.com\/index.php\/wp-json\/wp\/v2\/media\/11216"}],"wp:attachment":[{"href":"https:\/\/cg.spafits.com\/index.php\/wp-json\/wp\/v2\/media?parent=9250"}],"wp:term":[{"taxonomy":"product_brand","embeddable":true,"href":"https:\/\/cg.spafits.com\/index.php\/wp-json\/wp\/v2\/product_brand?post=9250"},{"taxonomy":"product_cat","embeddable":true,"href":"https:\/\/cg.spafits.com\/index.php\/wp-json\/wp\/v2\/product_cat?post=9250"},{"taxonomy":"product_tag","embeddable":true,"href":"https:\/\/cg.spafits.com\/index.php\/wp-json\/wp\/v2\/product_tag?post=9250"}],"curies":[{"name":"wp","href":"https:\/\/api.w.org\/{rel}","templated":true}]}}