{"id":9085,"date":"2022-01-21T09:39:15","date_gmt":"2022-01-21T09:39:15","guid":{"rendered":"http:\/\/cg.spafits.com\/?post_type=product&#038;p=9085"},"modified":"2026-02-05T08:15:50","modified_gmt":"2026-02-05T08:15:50","slug":"air-rower-ergometar-suvo-veslo","status":"publish","type":"product","link":"https:\/\/cg.spafits.com\/index.php\/product\/air-rower-ergometar-suvo-veslo\/","title":{"rendered":"Air rower (ergometar suvo veslo)"},"content":{"rendered":"<p data-start=\"3999\" data-end=\"4576\">Air Rower je ergometar visokog kvaliteta koji pru\u017ea realan osje\u0107aj veslanja. Sa suvim sistemom otpora vazduha, korisnici mogu prilagoditi intenzitet veslanja svojim potrebama. Posebna prednost ovog modela je lan\u010dani pogon umjesto sajle, koji omogu\u0107ava direktniji prenos snage, ve\u0107u dugotrajnost i autenti\u010dniji osje\u0107aj veslanja, sli\u010dan onom na vodi. Lan\u010dani pogon je otporniji na habanje, zahtijeva manje odr\u017eavanja i obezbje\u0111uje stabilan rad i pri intenzivnim treninzima. Ergonomski dizajn omogu\u0107ava udobnost tokom dugih treninga, uz podesivo sjedi\u0161te i rukohvate.<\/p>\n<p data-start=\"4578\" data-end=\"4841\">Dimenzije 244x61x36 cm \u010dine ovaj ergometar kompaktnim i pogodnim za ku\u0107nu upotrebu, dok neto te\u017eina od 34 kg obezbje\u0111uje stabilnost tokom vje\u017ebanja. Integrisani displej prikazuje podatke o udaljenosti, vremenu, potro\u0161enim kalorijama i drugim va\u017enim informacijama.<\/p>\n<p data-start=\"4578\" data-end=\"4841\">Veli\u010dina pakovanja Air rower: 1450 x 410 x 560 mm<\/p>\n<ul>\n<li data-start=\"4843\" data-end=\"5154\">Suvo veslo sa sistemom otpora vazduha<\/li>\n<li data-start=\"4843\" data-end=\"5154\">Lan\u010dani pogon za sna\u017eniji, precizniji i dugotrajniji rad<\/li>\n<li data-start=\"4843\" data-end=\"5154\">Pode\u0161avanje intenziteta veslanja<\/li>\n<li data-start=\"4843\" data-end=\"5154\">Ergonomski dizajn za udobnost tokom treninga<\/li>\n<li data-start=\"4843\" data-end=\"5154\">Integrisani displej sa korisnim informacijama<\/li>\n<li data-start=\"4843\" data-end=\"5154\">Podesivo sjedi\u0161te za prilago\u0111avanje korisniku<\/li>\n<li data-start=\"4843\" data-end=\"5154\">Rukohvati sa dobrim prijanjanjem<\/li>\n<\/ul>\n<p data-start=\"5156\" data-end=\"5274\"><strong>Dugoro\u010dna garancija:<\/strong> Air Rower dolazi sa dugoro\u010dnom garancijom, pru\u017eaju\u0107i sigurnost i povjerenje u kvalitet proizvoda.<\/p>\n","protected":false},"excerpt":{"rendered":"<p>244x61x36cm<br \/>\nN.W.: 34kg<\/p>\n","protected":false},"featured_media":10035,"template":"","meta":[],"product_brand":[],"product_cat":[75],"product_tag":[],"class_list":{"0":"post-9085","1":"product","2":"type-product","3":"status-publish","4":"has-post-thumbnail","6":"product_cat-ergometri","8":"first","9":"instock","10":"shipping-taxable","11":"purchasable","12":"product-type-simple"},"_links":{"self":[{"href":"https:\/\/cg.spafits.com\/index.php\/wp-json\/wp\/v2\/product\/9085","targetHints":{"allow":["GET"]}}],"collection":[{"href":"https:\/\/cg.spafits.com\/index.php\/wp-json\/wp\/v2\/product"}],"about":[{"href":"https:\/\/cg.spafits.com\/index.php\/wp-json\/wp\/v2\/types\/product"}],"version-history":[{"count":3,"href":"https:\/\/cg.spafits.com\/index.php\/wp-json\/wp\/v2\/product\/9085\/revisions"}],"predecessor-version":[{"id":12406,"href":"https:\/\/cg.spafits.com\/index.php\/wp-json\/wp\/v2\/product\/9085\/revisions\/12406"}],"wp:featuredmedia":[{"embeddable":true,"href":"https:\/\/cg.spafits.com\/index.php\/wp-json\/wp\/v2\/media\/10035"}],"wp:attachment":[{"href":"https:\/\/cg.spafits.com\/index.php\/wp-json\/wp\/v2\/media?parent=9085"}],"wp:term":[{"taxonomy":"product_brand","embeddable":true,"href":"https:\/\/cg.spafits.com\/index.php\/wp-json\/wp\/v2\/product_brand?post=9085"},{"taxonomy":"product_cat","embeddable":true,"href":"https:\/\/cg.spafits.com\/index.php\/wp-json\/wp\/v2\/product_cat?post=9085"},{"taxonomy":"product_tag","embeddable":true,"href":"https:\/\/cg.spafits.com\/index.php\/wp-json\/wp\/v2\/product_tag?post=9085"}],"curies":[{"name":"wp","href":"https:\/\/api.w.org\/{rel}","templated":true}]}}