{"id":9082,"date":"2022-01-21T09:39:15","date_gmt":"2022-01-21T09:39:15","guid":{"rendered":"http:\/\/cg.spafits.com\/?post_type=product&#038;p=9082"},"modified":"2025-08-22T06:46:26","modified_gmt":"2025-08-22T06:46:26","slug":"dual-pulley-system","status":"publish","type":"product","link":"https:\/\/cg.spafits.com\/index.php\/product\/dual-pulley-system\/","title":{"rendered":"Dual Pulley System"},"content":{"rendered":"<p>Dvostruki kablovski sistem predstavlja vrhunski fitnes ure\u0111aj koji pru\u017ea ve\u017eba\u010dima svestranost i efikasnost u treningu. Sa impresivnim dimenzijama 2000 x 880 x 2300 mm, ova sprava je prostrana i prilagodljiva razli\u010ditim ve\u017ebama. Dva nezavisna sistema kablova omogu\u0107avaju slobodan raspon pokreta i izolaciju razli\u010ditih mi\u0161i\u0107nih grupa. Sa ukupnim optere\u0107enjem od 160 kg (2x80kg), ve\u017eba\u010di mogu prilagoditi intenzitet svog treninga.<\/p>\n<ol>\n<li><strong>Dva nezavisna sistema kablova za slobodne ve\u017ebe:<\/strong> Dvostruki kablovski sistem pru\u017ea ve\u017eba\u010dima mogu\u0107nost izvo\u0111enja razli\u010ditih ve\u017ebi sa slobodnim pokretima, omogu\u0107avaju\u0107i slobodan raspon pokreta.<\/li>\n<li><strong>Visoko optere\u0107enje za intenzivan trening:<\/strong> Sa ukupnim optere\u0107enjem od 200 kg (2x100kg), ova sprava je dizajnirana za ve\u017eba\u010de koji tra\u017ee intenzivan trening i napredak u ja\u010dini.<\/li>\n<li><strong>Prilagodljivi rukohvati za raznovrsnost treninga:<\/strong> Dvostruki kablovski sistem dolazi sa razli\u010ditim rukohvatima i priklju\u010dcima, pru\u017eaju\u0107i ve\u017eba\u010dima \u0161irok spektar ve\u017ebi za gornji i donji deo tela.<\/li>\n<\/ol>\n<ul>\n<li>Boja sistema: \u017duto-crna<\/li>\n<li>Te\u017eina tegova: 200 kg (2x100kg)<\/li>\n<li>Te\u017eina sprave sa tegovima: 365kg<\/li>\n<\/ul>\n<p><strong>Dugoro\u010dna garancija:<\/strong> S ponosom nudimo 2 godine garancije na Dvostruki kablovski sistem, pru\u017eaju\u0107i korisnicima sigurnost i pouzdanost tokom njihovog fitness putovanja.<\/p>\n","protected":false},"excerpt":{"rendered":"<p><span id=\"fbPhotoSnowliftCaption\" class=\"fbPhotosPhotoCaption\" tabindex=\"0\" aria-live=\"polite\" data-ft=\"{&quot;tn&quot;:&quot;K&quot;}\"><span class=\"hasCaption\">\u0160ifra proizvoda:\u00a0<\/span><\/span>1614A<\/p>\n<p>Dual Pulley System<br \/>\n<span id=\"fbPhotoSnowliftCaption\" class=\"fbPhotosPhotoCaption\" tabindex=\"0\" aria-live=\"polite\" data-ft=\"{&quot;tn&quot;:&quot;K&quot;}\"><span class=\"hasCaption\">Dimenzije:\u00a0<\/span><\/span>2000 x 880 x 2300 mm 425 kg<\/p>\n<p><span id=\"fbPhotoSnowliftCaption\" class=\"fbPhotosPhotoCaption\" tabindex=\"0\" aria-live=\"polite\" data-ft=\"{&quot;tn&quot;:&quot;K&quot;}\"><span class=\"hasCaption\">Weight stack: 200 kg (2x100kg)<\/span><\/span><\/p>\n","protected":false},"featured_media":10783,"template":"","meta":[],"product_brand":[],"product_cat":[105],"product_tag":[],"class_list":{"0":"post-9082","1":"product","2":"type-product","3":"status-publish","4":"has-post-thumbnail","6":"product_cat-cable-cross-oprema-za-teretanu","8":"first","9":"instock","10":"shipping-taxable","11":"purchasable","12":"product-type-simple"},"_links":{"self":[{"href":"https:\/\/cg.spafits.com\/index.php\/wp-json\/wp\/v2\/product\/9082","targetHints":{"allow":["GET"]}}],"collection":[{"href":"https:\/\/cg.spafits.com\/index.php\/wp-json\/wp\/v2\/product"}],"about":[{"href":"https:\/\/cg.spafits.com\/index.php\/wp-json\/wp\/v2\/types\/product"}],"version-history":[{"count":5,"href":"https:\/\/cg.spafits.com\/index.php\/wp-json\/wp\/v2\/product\/9082\/revisions"}],"predecessor-version":[{"id":12008,"href":"https:\/\/cg.spafits.com\/index.php\/wp-json\/wp\/v2\/product\/9082\/revisions\/12008"}],"wp:featuredmedia":[{"embeddable":true,"href":"https:\/\/cg.spafits.com\/index.php\/wp-json\/wp\/v2\/media\/10783"}],"wp:attachment":[{"href":"https:\/\/cg.spafits.com\/index.php\/wp-json\/wp\/v2\/media?parent=9082"}],"wp:term":[{"taxonomy":"product_brand","embeddable":true,"href":"https:\/\/cg.spafits.com\/index.php\/wp-json\/wp\/v2\/product_brand?post=9082"},{"taxonomy":"product_cat","embeddable":true,"href":"https:\/\/cg.spafits.com\/index.php\/wp-json\/wp\/v2\/product_cat?post=9082"},{"taxonomy":"product_tag","embeddable":true,"href":"https:\/\/cg.spafits.com\/index.php\/wp-json\/wp\/v2\/product_tag?post=9082"}],"curies":[{"name":"wp","href":"https:\/\/api.w.org\/{rel}","templated":true}]}}