{"id":9077,"date":"2022-01-21T09:39:15","date_gmt":"2022-01-21T09:39:15","guid":{"rendered":"http:\/\/cg.spafits.com\/?post_type=product&#038;p=9077"},"modified":"2026-03-11T14:03:04","modified_gmt":"2026-03-11T14:03:04","slug":"combo-machine-2-in-1-shoulder-press-chest-press","status":"publish","type":"product","link":"https:\/\/cg.spafits.com\/index.php\/product\/combo-machine-2-in-1-shoulder-press-chest-press\/","title":{"rendered":"COMBO SPRAVA 2 IN 1 (Shoulder Press &#038; Chest Press)"},"content":{"rendered":"<p>Kombinirana ma\u0161ina 2 u 1 za Press ramena i Pritisak za prsa integrira dvije klju\u010dne vje\u017ebe za gornji dio tijela. Ergonomi\u010dno dizajnirano sjedalo omogu\u0107ava udobno vje\u017ebanje, dok podesivi otpor do 100 kg omogu\u0107ava vje\u017eba\u010dima prilagodbu intenziteta treninga. Ova sprava je klju\u010dna za sve vje\u017eba\u010de koji \u017eele u\u010dinkovito raditi na ja\u010danju ramena i prsa.<\/p>\n<p>Dvostruka funkcionalnost: Kombinirana ma\u0161ina 2 u 1 omogu\u0107ava vje\u017eba\u010dima da izvode Press ramena i Pritisak za prsa na istom ure\u0111aju, pru\u017eaju\u0107i raznolikost u vje\u017ebanju gornjeg dijela tijela.<br \/>\nErgonomski dizajn za udobnost: Sjedalo s ergonomskim dizajnom osigurava udobnost tijekom vje\u017ebanja, \u010dine\u0107i trening ugodnim i u\u010dinkovitim.<br \/>\nBoja sprave: \u017duto-crna<br \/>\nTe\u017eina utega: 100 kg<br \/>\nTe\u017eina sprave s utezima: 249 kg<\/p>\n<p>Dugoro\u010dna garancija: S ponosom nudimo 2 godine garancije na Kombiniranu ma\u0161inu 2 u 1 za Press ramena i Pritisak za prsa, pru\u017eaju\u0107i vje\u017eba\u010dima sigurnost i pouzdanost tijekom njihovog fitness putovanja.<\/p>\n","protected":false},"excerpt":{"rendered":"<p><span id=\"fbPhotoSnowliftCaption\" class=\"fbPhotosPhotoCaption\" tabindex=\"0\" aria-live=\"polite\" data-ft=\"{&quot;tn&quot;:&quot;K&quot;}\"><span class=\"hasCaption\">\u0160ifra proizvoda:\u00a0<\/span><\/span>1663<\/p>\n<p>COMBO MACHINE 2 IN 1<br \/>\nShoulder Press &amp; Chest Press<br \/>\n<span id=\"fbPhotoSnowliftCaption\" class=\"fbPhotosPhotoCaption\" tabindex=\"0\" aria-live=\"polite\" data-ft=\"{&quot;tn&quot;:&quot;K&quot;}\"><span class=\"hasCaption\">Dimenzije:\u00a0<\/span><\/span>1980 x 1462 x 1638 mm<br \/>\nWeight stack: 80 kg<\/p>\n","protected":false},"featured_media":9143,"template":"","meta":[],"product_brand":[],"product_cat":[135,106],"product_tag":[],"class_list":{"0":"post-9077","1":"product","2":"type-product","3":"status-publish","4":"has-post-thumbnail","6":"product_cat-combo-sprave","7":"product_cat-dvojne-masine","9":"first","10":"instock","11":"shipping-taxable","12":"purchasable","13":"product-type-simple"},"_links":{"self":[{"href":"https:\/\/cg.spafits.com\/index.php\/wp-json\/wp\/v2\/product\/9077","targetHints":{"allow":["GET"]}}],"collection":[{"href":"https:\/\/cg.spafits.com\/index.php\/wp-json\/wp\/v2\/product"}],"about":[{"href":"https:\/\/cg.spafits.com\/index.php\/wp-json\/wp\/v2\/types\/product"}],"version-history":[{"count":4,"href":"https:\/\/cg.spafits.com\/index.php\/wp-json\/wp\/v2\/product\/9077\/revisions"}],"predecessor-version":[{"id":19414,"href":"https:\/\/cg.spafits.com\/index.php\/wp-json\/wp\/v2\/product\/9077\/revisions\/19414"}],"wp:featuredmedia":[{"embeddable":true,"href":"https:\/\/cg.spafits.com\/index.php\/wp-json\/wp\/v2\/media\/9143"}],"wp:attachment":[{"href":"https:\/\/cg.spafits.com\/index.php\/wp-json\/wp\/v2\/media?parent=9077"}],"wp:term":[{"taxonomy":"product_brand","embeddable":true,"href":"https:\/\/cg.spafits.com\/index.php\/wp-json\/wp\/v2\/product_brand?post=9077"},{"taxonomy":"product_cat","embeddable":true,"href":"https:\/\/cg.spafits.com\/index.php\/wp-json\/wp\/v2\/product_cat?post=9077"},{"taxonomy":"product_tag","embeddable":true,"href":"https:\/\/cg.spafits.com\/index.php\/wp-json\/wp\/v2\/product_tag?post=9077"}],"curies":[{"name":"wp","href":"https:\/\/api.w.org\/{rel}","templated":true}]}}