{"id":19629,"date":"2026-05-08T11:36:53","date_gmt":"2026-05-08T11:36:53","guid":{"rendered":"https:\/\/cg.spafits.com\/?post_type=product&#038;p=19629"},"modified":"2026-05-08T11:37:17","modified_gmt":"2026-05-08T11:37:17","slug":"serija-1700-promo-ponuda","status":"publish","type":"product","link":"https:\/\/cg.spafits.com\/index.php\/product\/serija-1700-promo-ponuda\/","title":{"rendered":"Serija 1700 PROMO ponuda!"},"content":{"rendered":"<p>U polje napomene prilikom zavr\u0161etka procesa kupovine upi\u0161ite 5 \u017eeljenih sprava.<\/p>\n","protected":false},"excerpt":{"rendered":"<p>U polje napomene prilikom zavr\u0161etka procesa kupovine upi\u0161ite 5 \u017eeljenih sprava.<\/p>\n","protected":false},"featured_media":19630,"template":"","meta":[],"product_brand":[],"product_cat":[20],"product_tag":[],"class_list":{"0":"post-19629","1":"product","2":"type-product","3":"status-publish","4":"has-post-thumbnail","6":"product_cat-neodredeno","8":"first","9":"instock","10":"sale","11":"shipping-taxable","12":"purchasable","13":"product-type-simple"},"_links":{"self":[{"href":"https:\/\/cg.spafits.com\/index.php\/wp-json\/wp\/v2\/product\/19629","targetHints":{"allow":["GET"]}}],"collection":[{"href":"https:\/\/cg.spafits.com\/index.php\/wp-json\/wp\/v2\/product"}],"about":[{"href":"https:\/\/cg.spafits.com\/index.php\/wp-json\/wp\/v2\/types\/product"}],"version-history":[{"count":1,"href":"https:\/\/cg.spafits.com\/index.php\/wp-json\/wp\/v2\/product\/19629\/revisions"}],"predecessor-version":[{"id":19631,"href":"https:\/\/cg.spafits.com\/index.php\/wp-json\/wp\/v2\/product\/19629\/revisions\/19631"}],"wp:featuredmedia":[{"embeddable":true,"href":"https:\/\/cg.spafits.com\/index.php\/wp-json\/wp\/v2\/media\/19630"}],"wp:attachment":[{"href":"https:\/\/cg.spafits.com\/index.php\/wp-json\/wp\/v2\/media?parent=19629"}],"wp:term":[{"taxonomy":"product_brand","embeddable":true,"href":"https:\/\/cg.spafits.com\/index.php\/wp-json\/wp\/v2\/product_brand?post=19629"},{"taxonomy":"product_cat","embeddable":true,"href":"https:\/\/cg.spafits.com\/index.php\/wp-json\/wp\/v2\/product_cat?post=19629"},{"taxonomy":"product_tag","embeddable":true,"href":"https:\/\/cg.spafits.com\/index.php\/wp-json\/wp\/v2\/product_tag?post=19629"}],"curies":[{"name":"wp","href":"https:\/\/api.w.org\/{rel}","templated":true}]}}