{"id":19522,"date":"2026-04-16T12:46:25","date_gmt":"2026-04-16T12:46:25","guid":{"rendered":"https:\/\/cg.spafits.com\/?post_type=product&#038;p=19522"},"modified":"2026-04-16T12:46:25","modified_gmt":"2026-04-16T12:46:25","slug":"multi-press-1763","status":"publish","type":"product","link":"https:\/\/cg.spafits.com\/index.php\/product\/multi-press-1763\/","title":{"rendered":"Multi Press 1763"},"content":{"rendered":"<p>1927\u00d71347\u00d71580 mm<br \/>\nte\u017einski blok: 100 kg<br \/>\nneto te\u017eina: 239 kg<\/p>\n","protected":false},"excerpt":{"rendered":"<p>1927\u00d71347\u00d71580 mm te\u017einski blok: 100 kg neto te\u017eina: 239 kg<\/p>\n","protected":false},"featured_media":0,"template":"","meta":[],"product_brand":[],"product_cat":[20],"product_tag":[],"class_list":{"0":"post-19522","1":"product","2":"type-product","3":"status-publish","5":"product_cat-neodredeno","7":"first","8":"instock","9":"shipping-taxable","10":"purchasable","11":"product-type-simple"},"_links":{"self":[{"href":"https:\/\/cg.spafits.com\/index.php\/wp-json\/wp\/v2\/product\/19522","targetHints":{"allow":["GET"]}}],"collection":[{"href":"https:\/\/cg.spafits.com\/index.php\/wp-json\/wp\/v2\/product"}],"about":[{"href":"https:\/\/cg.spafits.com\/index.php\/wp-json\/wp\/v2\/types\/product"}],"version-history":[{"count":1,"href":"https:\/\/cg.spafits.com\/index.php\/wp-json\/wp\/v2\/product\/19522\/revisions"}],"predecessor-version":[{"id":19523,"href":"https:\/\/cg.spafits.com\/index.php\/wp-json\/wp\/v2\/product\/19522\/revisions\/19523"}],"wp:attachment":[{"href":"https:\/\/cg.spafits.com\/index.php\/wp-json\/wp\/v2\/media?parent=19522"}],"wp:term":[{"taxonomy":"product_brand","embeddable":true,"href":"https:\/\/cg.spafits.com\/index.php\/wp-json\/wp\/v2\/product_brand?post=19522"},{"taxonomy":"product_cat","embeddable":true,"href":"https:\/\/cg.spafits.com\/index.php\/wp-json\/wp\/v2\/product_cat?post=19522"},{"taxonomy":"product_tag","embeddable":true,"href":"https:\/\/cg.spafits.com\/index.php\/wp-json\/wp\/v2\/product_tag?post=19522"}],"curies":[{"name":"wp","href":"https:\/\/api.w.org\/{rel}","templated":true}]}}