{"id":19520,"date":"2026-04-16T12:43:57","date_gmt":"2026-04-16T12:43:57","guid":{"rendered":"https:\/\/cg.spafits.com\/?post_type=product&#038;p=19520"},"modified":"2026-04-16T12:43:57","modified_gmt":"2026-04-16T12:43:57","slug":"adductor-abductor-1761","status":"publish","type":"product","link":"https:\/\/cg.spafits.com\/index.php\/product\/adductor-abductor-1761\/","title":{"rendered":"Adductor + Abductor 1761"},"content":{"rendered":"<p>1694\u00d7625\u00d71580 mm<br \/>\nte\u017einski blok: 100 kg<br \/>\nneto te\u017eina: 210 kg<\/p>\n","protected":false},"excerpt":{"rendered":"<p>1694\u00d7625\u00d71580 mm te\u017einski blok: 100 kg neto te\u017eina: 210 kg<\/p>\n","protected":false},"featured_media":0,"template":"","meta":[],"product_brand":[],"product_cat":[20],"product_tag":[],"class_list":{"0":"post-19520","1":"product","2":"type-product","3":"status-publish","5":"product_cat-neodredeno","7":"first","8":"instock","9":"shipping-taxable","10":"purchasable","11":"product-type-simple"},"_links":{"self":[{"href":"https:\/\/cg.spafits.com\/index.php\/wp-json\/wp\/v2\/product\/19520","targetHints":{"allow":["GET"]}}],"collection":[{"href":"https:\/\/cg.spafits.com\/index.php\/wp-json\/wp\/v2\/product"}],"about":[{"href":"https:\/\/cg.spafits.com\/index.php\/wp-json\/wp\/v2\/types\/product"}],"version-history":[{"count":1,"href":"https:\/\/cg.spafits.com\/index.php\/wp-json\/wp\/v2\/product\/19520\/revisions"}],"predecessor-version":[{"id":19521,"href":"https:\/\/cg.spafits.com\/index.php\/wp-json\/wp\/v2\/product\/19520\/revisions\/19521"}],"wp:attachment":[{"href":"https:\/\/cg.spafits.com\/index.php\/wp-json\/wp\/v2\/media?parent=19520"}],"wp:term":[{"taxonomy":"product_brand","embeddable":true,"href":"https:\/\/cg.spafits.com\/index.php\/wp-json\/wp\/v2\/product_brand?post=19520"},{"taxonomy":"product_cat","embeddable":true,"href":"https:\/\/cg.spafits.com\/index.php\/wp-json\/wp\/v2\/product_cat?post=19520"},{"taxonomy":"product_tag","embeddable":true,"href":"https:\/\/cg.spafits.com\/index.php\/wp-json\/wp\/v2\/product_tag?post=19520"}],"curies":[{"name":"wp","href":"https:\/\/api.w.org\/{rel}","templated":true}]}}