{"id":19516,"date":"2026-04-16T12:38:54","date_gmt":"2026-04-16T12:38:54","guid":{"rendered":"https:\/\/cg.spafits.com\/?post_type=product&#038;p=19516"},"modified":"2026-04-16T12:38:54","modified_gmt":"2026-04-16T12:38:54","slug":"low-row-lat-pull-down-1759a","status":"publish","type":"product","link":"https:\/\/cg.spafits.com\/index.php\/product\/low-row-lat-pull-down-1759a\/","title":{"rendered":"Low Row+ Lat Pull Down 1759A"},"content":{"rendered":"<p>2100\u00d71220\u00d72200 mm<br \/>\nneto te\u017eina: 265 kg<\/p>\n","protected":false},"excerpt":{"rendered":"<p>2100\u00d71220\u00d72200 mm neto te\u017eina: 265 kg<\/p>\n","protected":false},"featured_media":0,"template":"","meta":[],"product_brand":[],"product_cat":[20],"product_tag":[],"class_list":{"0":"post-19516","1":"product","2":"type-product","3":"status-publish","5":"product_cat-neodredeno","7":"first","8":"instock","9":"shipping-taxable","10":"purchasable","11":"product-type-simple"},"_links":{"self":[{"href":"https:\/\/cg.spafits.com\/index.php\/wp-json\/wp\/v2\/product\/19516","targetHints":{"allow":["GET"]}}],"collection":[{"href":"https:\/\/cg.spafits.com\/index.php\/wp-json\/wp\/v2\/product"}],"about":[{"href":"https:\/\/cg.spafits.com\/index.php\/wp-json\/wp\/v2\/types\/product"}],"version-history":[{"count":1,"href":"https:\/\/cg.spafits.com\/index.php\/wp-json\/wp\/v2\/product\/19516\/revisions"}],"predecessor-version":[{"id":19517,"href":"https:\/\/cg.spafits.com\/index.php\/wp-json\/wp\/v2\/product\/19516\/revisions\/19517"}],"wp:attachment":[{"href":"https:\/\/cg.spafits.com\/index.php\/wp-json\/wp\/v2\/media?parent=19516"}],"wp:term":[{"taxonomy":"product_brand","embeddable":true,"href":"https:\/\/cg.spafits.com\/index.php\/wp-json\/wp\/v2\/product_brand?post=19516"},{"taxonomy":"product_cat","embeddable":true,"href":"https:\/\/cg.spafits.com\/index.php\/wp-json\/wp\/v2\/product_cat?post=19516"},{"taxonomy":"product_tag","embeddable":true,"href":"https:\/\/cg.spafits.com\/index.php\/wp-json\/wp\/v2\/product_tag?post=19516"}],"curies":[{"name":"wp","href":"https:\/\/api.w.org\/{rel}","templated":true}]}}