{"id":19509,"date":"2026-04-16T12:30:30","date_gmt":"2026-04-16T12:30:30","guid":{"rendered":"https:\/\/cg.spafits.com\/?post_type=product&#038;p=19509"},"modified":"2026-04-16T12:30:30","modified_gmt":"2026-04-16T12:30:30","slug":"pearl-delt-pec-fly-1738","status":"publish","type":"product","link":"https:\/\/cg.spafits.com\/index.php\/product\/pearl-delt-pec-fly-1738\/","title":{"rendered":"Pearl Delt &#8211; Pec Fly 1738"},"content":{"rendered":"<p>1250\u00d71300\u00d72022 mm<br \/>\nte\u017einski blok: 100 kg<br \/>\nneto te\u017eina: 210 kg<\/p>\n","protected":false},"excerpt":{"rendered":"<p>1250\u00d71300\u00d72022 mm te\u017einski blok: 100 kg neto te\u017eina: 210 kg<\/p>\n","protected":false},"featured_media":19510,"template":"","meta":[],"product_brand":[],"product_cat":[20],"product_tag":[],"class_list":{"0":"post-19509","1":"product","2":"type-product","3":"status-publish","4":"has-post-thumbnail","6":"product_cat-neodredeno","8":"first","9":"instock","10":"shipping-taxable","11":"purchasable","12":"product-type-simple"},"_links":{"self":[{"href":"https:\/\/cg.spafits.com\/index.php\/wp-json\/wp\/v2\/product\/19509","targetHints":{"allow":["GET"]}}],"collection":[{"href":"https:\/\/cg.spafits.com\/index.php\/wp-json\/wp\/v2\/product"}],"about":[{"href":"https:\/\/cg.spafits.com\/index.php\/wp-json\/wp\/v2\/types\/product"}],"version-history":[{"count":1,"href":"https:\/\/cg.spafits.com\/index.php\/wp-json\/wp\/v2\/product\/19509\/revisions"}],"predecessor-version":[{"id":19511,"href":"https:\/\/cg.spafits.com\/index.php\/wp-json\/wp\/v2\/product\/19509\/revisions\/19511"}],"wp:featuredmedia":[{"embeddable":true,"href":"https:\/\/cg.spafits.com\/index.php\/wp-json\/wp\/v2\/media\/19510"}],"wp:attachment":[{"href":"https:\/\/cg.spafits.com\/index.php\/wp-json\/wp\/v2\/media?parent=19509"}],"wp:term":[{"taxonomy":"product_brand","embeddable":true,"href":"https:\/\/cg.spafits.com\/index.php\/wp-json\/wp\/v2\/product_brand?post=19509"},{"taxonomy":"product_cat","embeddable":true,"href":"https:\/\/cg.spafits.com\/index.php\/wp-json\/wp\/v2\/product_cat?post=19509"},{"taxonomy":"product_tag","embeddable":true,"href":"https:\/\/cg.spafits.com\/index.php\/wp-json\/wp\/v2\/product_tag?post=19509"}],"curies":[{"name":"wp","href":"https:\/\/api.w.org\/{rel}","templated":true}]}}