{"id":19507,"date":"2026-04-16T12:25:25","date_gmt":"2026-04-16T12:25:25","guid":{"rendered":"https:\/\/cg.spafits.com\/?post_type=product&#038;p=19507"},"modified":"2026-04-16T12:25:25","modified_gmt":"2026-04-16T12:25:25","slug":"prone-leg-curl-1737","status":"publish","type":"product","link":"https:\/\/cg.spafits.com\/index.php\/product\/prone-leg-curl-1737\/","title":{"rendered":"Prone Leg Curl 1737"},"content":{"rendered":"<p>1650\u00d71030\u00d71580 mm<br \/>\nneto te\u017eina: 207 kg<\/p>\n","protected":false},"excerpt":{"rendered":"<p>1650\u00d71030\u00d71580 mm neto te\u017eina: 207 kg<\/p>\n","protected":false},"featured_media":0,"template":"","meta":[],"product_brand":[],"product_cat":[20],"product_tag":[],"class_list":{"0":"post-19507","1":"product","2":"type-product","3":"status-publish","5":"product_cat-neodredeno","7":"first","8":"instock","9":"shipping-taxable","10":"purchasable","11":"product-type-simple"},"_links":{"self":[{"href":"https:\/\/cg.spafits.com\/index.php\/wp-json\/wp\/v2\/product\/19507","targetHints":{"allow":["GET"]}}],"collection":[{"href":"https:\/\/cg.spafits.com\/index.php\/wp-json\/wp\/v2\/product"}],"about":[{"href":"https:\/\/cg.spafits.com\/index.php\/wp-json\/wp\/v2\/types\/product"}],"version-history":[{"count":1,"href":"https:\/\/cg.spafits.com\/index.php\/wp-json\/wp\/v2\/product\/19507\/revisions"}],"predecessor-version":[{"id":19508,"href":"https:\/\/cg.spafits.com\/index.php\/wp-json\/wp\/v2\/product\/19507\/revisions\/19508"}],"wp:attachment":[{"href":"https:\/\/cg.spafits.com\/index.php\/wp-json\/wp\/v2\/media?parent=19507"}],"wp:term":[{"taxonomy":"product_brand","embeddable":true,"href":"https:\/\/cg.spafits.com\/index.php\/wp-json\/wp\/v2\/product_brand?post=19507"},{"taxonomy":"product_cat","embeddable":true,"href":"https:\/\/cg.spafits.com\/index.php\/wp-json\/wp\/v2\/product_cat?post=19507"},{"taxonomy":"product_tag","embeddable":true,"href":"https:\/\/cg.spafits.com\/index.php\/wp-json\/wp\/v2\/product_tag?post=19507"}],"curies":[{"name":"wp","href":"https:\/\/api.w.org\/{rel}","templated":true}]}}