{"id":19503,"date":"2026-04-16T12:19:13","date_gmt":"2026-04-16T12:19:13","guid":{"rendered":"https:\/\/cg.spafits.com\/?post_type=product&#038;p=19503"},"modified":"2026-04-16T12:19:13","modified_gmt":"2026-04-16T12:19:13","slug":"rotary-torso-1735","status":"publish","type":"product","link":"https:\/\/cg.spafits.com\/index.php\/product\/rotary-torso-1735\/","title":{"rendered":"Rotary Torso 1735"},"content":{"rendered":"<p>1110\u00d71132\u00d71580 mm<br \/>\nte\u017einski blok: 100 kg<br \/>\nneto te\u017eina: 207 kg<\/p>\n","protected":false},"excerpt":{"rendered":"<p>1110\u00d71132\u00d71580 mm te\u017einski blok: 100 kg neto te\u017eina: 207 kg<\/p>\n","protected":false},"featured_media":0,"template":"","meta":[],"product_brand":[],"product_cat":[20],"product_tag":[],"class_list":{"0":"post-19503","1":"product","2":"type-product","3":"status-publish","5":"product_cat-neodredeno","7":"first","8":"instock","9":"shipping-taxable","10":"purchasable","11":"product-type-simple"},"_links":{"self":[{"href":"https:\/\/cg.spafits.com\/index.php\/wp-json\/wp\/v2\/product\/19503","targetHints":{"allow":["GET"]}}],"collection":[{"href":"https:\/\/cg.spafits.com\/index.php\/wp-json\/wp\/v2\/product"}],"about":[{"href":"https:\/\/cg.spafits.com\/index.php\/wp-json\/wp\/v2\/types\/product"}],"version-history":[{"count":1,"href":"https:\/\/cg.spafits.com\/index.php\/wp-json\/wp\/v2\/product\/19503\/revisions"}],"predecessor-version":[{"id":19504,"href":"https:\/\/cg.spafits.com\/index.php\/wp-json\/wp\/v2\/product\/19503\/revisions\/19504"}],"wp:attachment":[{"href":"https:\/\/cg.spafits.com\/index.php\/wp-json\/wp\/v2\/media?parent=19503"}],"wp:term":[{"taxonomy":"product_brand","embeddable":true,"href":"https:\/\/cg.spafits.com\/index.php\/wp-json\/wp\/v2\/product_brand?post=19503"},{"taxonomy":"product_cat","embeddable":true,"href":"https:\/\/cg.spafits.com\/index.php\/wp-json\/wp\/v2\/product_cat?post=19503"},{"taxonomy":"product_tag","embeddable":true,"href":"https:\/\/cg.spafits.com\/index.php\/wp-json\/wp\/v2\/product_tag?post=19503"}],"curies":[{"name":"wp","href":"https:\/\/api.w.org\/{rel}","templated":true}]}}