{"id":19483,"date":"2026-04-16T11:22:57","date_gmt":"2026-04-16T11:22:57","guid":{"rendered":"https:\/\/cg.spafits.com\/?post_type=product&#038;p=19483"},"modified":"2026-04-16T11:22:57","modified_gmt":"2026-04-16T11:22:57","slug":"chest-press-1720","status":"publish","type":"product","link":"https:\/\/cg.spafits.com\/index.php\/product\/chest-press-1720\/","title":{"rendered":"Chest Press 1720"},"content":{"rendered":"<p>1360\u00d71040\u00d71580 mm<br \/>\nte\u017einski blok: 100 kg<br \/>\nneto te\u017eina: 209 kg<\/p>\n","protected":false},"excerpt":{"rendered":"<p>1360\u00d71040\u00d71580 mm te\u017einski blok: 100 kg neto te\u017eina: 209 kg<\/p>\n","protected":false},"featured_media":19484,"template":"","meta":[],"product_brand":[],"product_cat":[20],"product_tag":[],"class_list":{"0":"post-19483","1":"product","2":"type-product","3":"status-publish","4":"has-post-thumbnail","6":"product_cat-neodredeno","8":"first","9":"instock","10":"shipping-taxable","11":"purchasable","12":"product-type-simple"},"_links":{"self":[{"href":"https:\/\/cg.spafits.com\/index.php\/wp-json\/wp\/v2\/product\/19483","targetHints":{"allow":["GET"]}}],"collection":[{"href":"https:\/\/cg.spafits.com\/index.php\/wp-json\/wp\/v2\/product"}],"about":[{"href":"https:\/\/cg.spafits.com\/index.php\/wp-json\/wp\/v2\/types\/product"}],"version-history":[{"count":1,"href":"https:\/\/cg.spafits.com\/index.php\/wp-json\/wp\/v2\/product\/19483\/revisions"}],"predecessor-version":[{"id":19485,"href":"https:\/\/cg.spafits.com\/index.php\/wp-json\/wp\/v2\/product\/19483\/revisions\/19485"}],"wp:featuredmedia":[{"embeddable":true,"href":"https:\/\/cg.spafits.com\/index.php\/wp-json\/wp\/v2\/media\/19484"}],"wp:attachment":[{"href":"https:\/\/cg.spafits.com\/index.php\/wp-json\/wp\/v2\/media?parent=19483"}],"wp:term":[{"taxonomy":"product_brand","embeddable":true,"href":"https:\/\/cg.spafits.com\/index.php\/wp-json\/wp\/v2\/product_brand?post=19483"},{"taxonomy":"product_cat","embeddable":true,"href":"https:\/\/cg.spafits.com\/index.php\/wp-json\/wp\/v2\/product_cat?post=19483"},{"taxonomy":"product_tag","embeddable":true,"href":"https:\/\/cg.spafits.com\/index.php\/wp-json\/wp\/v2\/product_tag?post=19483"}],"curies":[{"name":"wp","href":"https:\/\/api.w.org\/{rel}","templated":true}]}}