{"id":12441,"date":"2026-02-12T08:40:55","date_gmt":"2026-02-12T08:40:55","guid":{"rendered":"https:\/\/cg.spafits.com\/?post_type=product&#038;p=12441"},"modified":"2026-02-26T09:24:44","modified_gmt":"2026-02-26T09:24:44","slug":"endless-rope","status":"publish","type":"product","link":"https:\/\/cg.spafits.com\/index.php\/product\/endless-rope\/","title":{"rendered":"Endless rope"},"content":{"rendered":"<p>Dimenzije: 413 x 280 x 76 mm<br data-start=\"28\" data-end=\"31\" \/>Dimenzije pakovanja: 410 x 315 x 200 mm<br data-start=\"70\" data-end=\"73\" \/>Neto te\u017eina: 7,45 kg<br data-start=\"93\" data-end=\"96\" \/>Bruto te\u017eina: 8,10 kg<br data-start=\"117\" data-end=\"120\" \/>Du\u017eina u\u017eeta: 4 m<\/p>\n","protected":false},"excerpt":{"rendered":"<p>Dimenzije: 413 x 280 x 76 mmDimenzije pakovanja: 410 x 315 x 200 mmNeto te\u017eina: 7,45 kgBruto te\u017eina: 8,10 kgDu\u017eina<\/p>\n","protected":false},"featured_media":12442,"template":"","meta":[],"product_brand":[],"product_cat":[20],"product_tag":[],"class_list":{"0":"post-12441","1":"product","2":"type-product","3":"status-publish","4":"has-post-thumbnail","6":"product_cat-neodredeno","8":"first","9":"instock","10":"shipping-taxable","11":"purchasable","12":"product-type-simple"},"_links":{"self":[{"href":"https:\/\/cg.spafits.com\/index.php\/wp-json\/wp\/v2\/product\/12441","targetHints":{"allow":["GET"]}}],"collection":[{"href":"https:\/\/cg.spafits.com\/index.php\/wp-json\/wp\/v2\/product"}],"about":[{"href":"https:\/\/cg.spafits.com\/index.php\/wp-json\/wp\/v2\/types\/product"}],"version-history":[{"count":2,"href":"https:\/\/cg.spafits.com\/index.php\/wp-json\/wp\/v2\/product\/12441\/revisions"}],"predecessor-version":[{"id":15900,"href":"https:\/\/cg.spafits.com\/index.php\/wp-json\/wp\/v2\/product\/12441\/revisions\/15900"}],"wp:featuredmedia":[{"embeddable":true,"href":"https:\/\/cg.spafits.com\/index.php\/wp-json\/wp\/v2\/media\/12442"}],"wp:attachment":[{"href":"https:\/\/cg.spafits.com\/index.php\/wp-json\/wp\/v2\/media?parent=12441"}],"wp:term":[{"taxonomy":"product_brand","embeddable":true,"href":"https:\/\/cg.spafits.com\/index.php\/wp-json\/wp\/v2\/product_brand?post=12441"},{"taxonomy":"product_cat","embeddable":true,"href":"https:\/\/cg.spafits.com\/index.php\/wp-json\/wp\/v2\/product_cat?post=12441"},{"taxonomy":"product_tag","embeddable":true,"href":"https:\/\/cg.spafits.com\/index.php\/wp-json\/wp\/v2\/product_tag?post=12441"}],"curies":[{"name":"wp","href":"https:\/\/api.w.org\/{rel}","templated":true}]}}