{"id":12276,"date":"2025-11-06T11:24:09","date_gmt":"2025-11-06T11:24:09","guid":{"rendered":"https:\/\/cg.spafits.com\/?post_type=product&#038;p=12276"},"modified":"2026-04-15T10:53:50","modified_gmt":"2026-04-15T10:53:50","slug":"standing-glute-extension","status":"publish","type":"product","link":"https:\/\/cg.spafits.com\/index.php\/product\/standing-glute-extension\/","title":{"rendered":"Standing Glute Extension"},"content":{"rendered":"<p>Sprava namijenjena ja\u010danju i oblikovanju mi\u0161i\u0107a zadnjice. Omogu\u0107ava kontrolisane pokrete i pravilnu biomehaniku tokom vje\u017ebanja. Podesivi jastu\u010di\u0107i i stabilna konstrukcija obezbje\u0111uju udobnost i sigurnost pri kori\u0161\u0107enju, dok izdr\u017eljiv dizajn garantuje dugotrajnost i pouzdan rad u svakodnevnim treninzima.<\/p>\n","protected":false},"excerpt":{"rendered":"<p>Sprava namijenjena ja\u010danju i oblikovanju mi\u0161i\u0107a zadnjice. Omogu\u0107ava kontrolisane pokrete i pravilnu biomehaniku tokom vje\u017ebanja. Podesivi jastu\u010di\u0107i i stabilna konstrukcija obezbje\u0111uju udobnost i sigurnost pri kori\u0161\u0107enju, dok izdr\u017eljiv dizajn garantuje dugotrajnost i pouzdan rad u svakodnevnim treninzima.<\/p>\n","protected":false},"featured_media":12277,"template":"","meta":[],"product_brand":[],"product_cat":[70,103],"product_tag":[],"class_list":{"0":"post-12276","1":"product","2":"type-product","3":"status-publish","4":"has-post-thumbnail","6":"product_cat-oprema-za-teretane","7":"product_cat-oprema-za-teretanu","9":"first","10":"instock","11":"shipping-taxable","12":"purchasable","13":"product-type-simple"},"_links":{"self":[{"href":"https:\/\/cg.spafits.com\/index.php\/wp-json\/wp\/v2\/product\/12276","targetHints":{"allow":["GET"]}}],"collection":[{"href":"https:\/\/cg.spafits.com\/index.php\/wp-json\/wp\/v2\/product"}],"about":[{"href":"https:\/\/cg.spafits.com\/index.php\/wp-json\/wp\/v2\/types\/product"}],"version-history":[{"count":1,"href":"https:\/\/cg.spafits.com\/index.php\/wp-json\/wp\/v2\/product\/12276\/revisions"}],"predecessor-version":[{"id":12278,"href":"https:\/\/cg.spafits.com\/index.php\/wp-json\/wp\/v2\/product\/12276\/revisions\/12278"}],"wp:featuredmedia":[{"embeddable":true,"href":"https:\/\/cg.spafits.com\/index.php\/wp-json\/wp\/v2\/media\/12277"}],"wp:attachment":[{"href":"https:\/\/cg.spafits.com\/index.php\/wp-json\/wp\/v2\/media?parent=12276"}],"wp:term":[{"taxonomy":"product_brand","embeddable":true,"href":"https:\/\/cg.spafits.com\/index.php\/wp-json\/wp\/v2\/product_brand?post=12276"},{"taxonomy":"product_cat","embeddable":true,"href":"https:\/\/cg.spafits.com\/index.php\/wp-json\/wp\/v2\/product_cat?post=12276"},{"taxonomy":"product_tag","embeddable":true,"href":"https:\/\/cg.spafits.com\/index.php\/wp-json\/wp\/v2\/product_tag?post=12276"}],"curies":[{"name":"wp","href":"https:\/\/api.w.org\/{rel}","templated":true}]}}