{"id":12146,"date":"2025-08-26T10:50:30","date_gmt":"2025-08-26T10:50:30","guid":{"rendered":"https:\/\/cg.spafits.com\/?post_type=product&#038;p=12146"},"modified":"2026-04-15T08:14:10","modified_gmt":"2026-04-15T08:14:10","slug":"the-core-bed-oak-kore-krevet-hrast","status":"publish","type":"product","link":"https:\/\/cg.spafits.com\/index.php\/product\/the-core-bed-oak-kore-krevet-hrast\/","title":{"rendered":"The Core Bed (Oak) &#8211; Kore krevet (hrast) &#8211; pilates oprema"},"content":{"rendered":"<p data-start=\"80\" data-end=\"124\">Konstrukcija od prirodnog hrastovog drveta<\/p>\n<p data-start=\"126\" data-end=\"180\">Ergonomski dizajnirani jastuci za udobnost i podr\u0161ku<\/p>\n<p data-start=\"182\" data-end=\"248\">Mogu\u0107nost izvo\u0111enja velikog broja vje\u017ebi za trup i cijelo tijelo<\/p>\n<p data-start=\"250\" data-end=\"297\">Podesivi djelovi za personalizovano vje\u017ebanje<\/p>\n<p data-start=\"299\" data-end=\"359\">Pogodna za pilates studije, fitnes centre i ku\u0107nu upotrebu<\/p>\n<p data-start=\"361\" data-end=\"440\">Dostupno od oktobra 2025<br data-start=\"385\" data-end=\"388\" \/>Novo u ponudi \u2013 Sparta Fitness Solutions Crna Gora<\/p>\n","protected":false},"excerpt":{"rendered":"<p data-start=\"41\" data-end=\"63\"><strong data-start=\"41\" data-end=\"61\">240 x 74 x 72 cm<\/strong><\/p>\n<p data-start=\"65\" data-end=\"314\"><strong data-start=\"65\" data-end=\"87\">The Core Bed (Oak)<\/strong> je profesionalna pilates sprava dizajnirana za razvoj snage, stabilnosti i pravilnog dr\u017eanja tijela. Izra\u0111ena od hrasta i oblo\u017eena kvalitetnim jastucima od ekolo\u0161ke ko\u017ee, pru\u017ea maksimalnu udobnost i sigurnost tokom treninga.<\/p>\n<p data-start=\"316\" data-end=\"570\">Ova sprava je savr\u0161en izbor za sve koji \u017eele da unaprijede osnovne pokrete, ja\u010daju duboke mi\u0161i\u0107e trupa i pobolj\u0161aju fleksibilnost. Zahvaljuju\u0107i podesivim oprugama i naslonima, prilago\u0111ava se razli\u010ditim nivoima vje\u017eba\u010da \u2013 od po\u010detnika do profesionalaca.<\/p>\n","protected":false},"featured_media":19467,"template":"","meta":[],"product_brand":[],"product_cat":[133],"product_tag":[],"class_list":{"0":"post-12146","1":"product","2":"type-product","3":"status-publish","4":"has-post-thumbnail","6":"product_cat-pilates-oprema","8":"first","9":"instock","10":"shipping-taxable","11":"purchasable","12":"product-type-simple"},"_links":{"self":[{"href":"https:\/\/cg.spafits.com\/index.php\/wp-json\/wp\/v2\/product\/12146","targetHints":{"allow":["GET"]}}],"collection":[{"href":"https:\/\/cg.spafits.com\/index.php\/wp-json\/wp\/v2\/product"}],"about":[{"href":"https:\/\/cg.spafits.com\/index.php\/wp-json\/wp\/v2\/types\/product"}],"version-history":[{"count":2,"href":"https:\/\/cg.spafits.com\/index.php\/wp-json\/wp\/v2\/product\/12146\/revisions"}],"predecessor-version":[{"id":12204,"href":"https:\/\/cg.spafits.com\/index.php\/wp-json\/wp\/v2\/product\/12146\/revisions\/12204"}],"wp:featuredmedia":[{"embeddable":true,"href":"https:\/\/cg.spafits.com\/index.php\/wp-json\/wp\/v2\/media\/19467"}],"wp:attachment":[{"href":"https:\/\/cg.spafits.com\/index.php\/wp-json\/wp\/v2\/media?parent=12146"}],"wp:term":[{"taxonomy":"product_brand","embeddable":true,"href":"https:\/\/cg.spafits.com\/index.php\/wp-json\/wp\/v2\/product_brand?post=12146"},{"taxonomy":"product_cat","embeddable":true,"href":"https:\/\/cg.spafits.com\/index.php\/wp-json\/wp\/v2\/product_cat?post=12146"},{"taxonomy":"product_tag","embeddable":true,"href":"https:\/\/cg.spafits.com\/index.php\/wp-json\/wp\/v2\/product_tag?post=12146"}],"curies":[{"name":"wp","href":"https:\/\/api.w.org\/{rel}","templated":true}]}}