{"id":12143,"date":"2025-08-26T10:49:18","date_gmt":"2025-08-26T10:49:18","guid":{"rendered":"https:\/\/cg.spafits.com\/?post_type=product&#038;p=12143"},"modified":"2026-04-20T12:54:22","modified_gmt":"2026-04-20T12:54:22","slug":"the-cadillac-bed-oak-kadilak-krevet-hrast","status":"publish","type":"product","link":"https:\/\/cg.spafits.com\/index.php\/product\/the-cadillac-bed-oak-kadilak-krevet-hrast\/","title":{"rendered":"The Cadillac Bed (Oak) &#8211; Kadilak krevet (hrast) &#8211; pilates oprema"},"content":{"rendered":"<p data-start=\"48\" data-end=\"94\">Konstrukcija od kvalitetnog hrastovog drveta<\/p>\n<p data-start=\"96\" data-end=\"131\">Stabilan ram od ner\u0111aju\u0107eg \u010delika<\/p>\n<p data-start=\"133\" data-end=\"171\">Veliki izbor vje\u017ebi za cijelo tijelo<\/p>\n<p data-start=\"173\" data-end=\"216\">Pogodna za profesionalnu i ku\u0107nu upotrebu<\/p>\n<p data-start=\"218\" data-end=\"267\">Savr\u0161en izbor za studije, spa i wellness centre<\/p>\n<p data-start=\"269\" data-end=\"348\">Dostupno od oktobra 2025<br data-start=\"293\" data-end=\"296\" \/>Novo u ponudi \u2013 Sparta Fitness Solutions Crna Gora<\/p>\n","protected":false},"excerpt":{"rendered":"<p data-start=\"67\" data-end=\"110\"><strong data-start=\"67\" data-end=\"108\">200 x 77 x 245 cm dimenzije proizvoda<\/strong><\/p>\n<p data-start=\"112\" data-end=\"363\"><strong data-start=\"112\" data-end=\"138\">The Cadillac Bed (Oak)<\/strong> je najkompletnija i najprepoznatljivija pilates sprava koja omogu\u0107ava izvo\u0111enje stotina razli\u010ditih vje\u017ebi. Izra\u0111ena je od hrasta i \u010delika, \u0161to garantuje izuzetnu \u010dvrstinu, dugotrajnost i elegantan izgled u svakom prostoru.<\/p>\n<p data-start=\"365\" data-end=\"647\">Ova sprava se koristi kako u profesionalnim pilates studijima i fitnes centrima, tako i u rehabilitacionim programima. Zahvaljuju\u0107i raznovrsnim oprugama, kai\u0161evima i ru\u010dkama, pru\u017ea mogu\u0107nost vje\u017ebanja svih grupa mi\u0161i\u0107a, razvijanja snage, fleksibilnosti i pravilnog dr\u017eanja tijela.<\/p>\n","protected":false},"featured_media":19468,"template":"","meta":[],"product_brand":[],"product_cat":[133],"product_tag":[],"class_list":{"0":"post-12143","1":"product","2":"type-product","3":"status-publish","4":"has-post-thumbnail","6":"product_cat-pilates-oprema","8":"first","9":"instock","10":"shipping-taxable","11":"purchasable","12":"product-type-simple"},"_links":{"self":[{"href":"https:\/\/cg.spafits.com\/index.php\/wp-json\/wp\/v2\/product\/12143","targetHints":{"allow":["GET"]}}],"collection":[{"href":"https:\/\/cg.spafits.com\/index.php\/wp-json\/wp\/v2\/product"}],"about":[{"href":"https:\/\/cg.spafits.com\/index.php\/wp-json\/wp\/v2\/types\/product"}],"version-history":[{"count":2,"href":"https:\/\/cg.spafits.com\/index.php\/wp-json\/wp\/v2\/product\/12143\/revisions"}],"predecessor-version":[{"id":12203,"href":"https:\/\/cg.spafits.com\/index.php\/wp-json\/wp\/v2\/product\/12143\/revisions\/12203"}],"wp:featuredmedia":[{"embeddable":true,"href":"https:\/\/cg.spafits.com\/index.php\/wp-json\/wp\/v2\/media\/19468"}],"wp:attachment":[{"href":"https:\/\/cg.spafits.com\/index.php\/wp-json\/wp\/v2\/media?parent=12143"}],"wp:term":[{"taxonomy":"product_brand","embeddable":true,"href":"https:\/\/cg.spafits.com\/index.php\/wp-json\/wp\/v2\/product_brand?post=12143"},{"taxonomy":"product_cat","embeddable":true,"href":"https:\/\/cg.spafits.com\/index.php\/wp-json\/wp\/v2\/product_cat?post=12143"},{"taxonomy":"product_tag","embeddable":true,"href":"https:\/\/cg.spafits.com\/index.php\/wp-json\/wp\/v2\/product_tag?post=12143"}],"curies":[{"name":"wp","href":"https:\/\/api.w.org\/{rel}","templated":true}]}}