{"id":12077,"date":"2025-07-30T11:04:09","date_gmt":"2025-07-30T11:04:09","guid":{"rendered":"https:\/\/cg.spafits.com\/?post_type=product&#038;p=12077"},"modified":"2025-09-05T07:55:47","modified_gmt":"2025-09-05T07:55:47","slug":"ploce-tegovi-sa-rukohvatom-x","status":"publish","type":"product","link":"https:\/\/cg.spafits.com\/index.php\/product\/ploce-tegovi-sa-rukohvatom-x\/","title":{"rendered":"Plo\u010de tegovi sa rukohvatom X"},"content":{"rendered":"","protected":false},"excerpt":{"rendered":"<p><strong>NAPOMENA: OVAJ PROIZVOD MO\u017dETE PORU\u010cITI ISKLJU\u010cIVO U PARU (U OPCIJAMA ZA KOLI\u010cINU IZABERITE 2,4,6,8&#8230;)<\/strong><\/p>\n<p>1.25 \/ 2.5 \/ 5 kg \/ 10 kg \/ 15 kg \/ 20 kg \/ 25 kg<\/p>\n<p>Crna Gora: 5.25 \u20ac\/ KG<\/p>\n","protected":false},"featured_media":12084,"template":"","meta":[],"product_brand":[],"product_cat":[87,84],"product_tag":[],"class_list":{"0":"post-12077","1":"product","2":"type-product","3":"status-publish","4":"has-post-thumbnail","6":"product_cat-fitness-oprema","7":"product_cat-rekviziti","9":"first","10":"instock","11":"shipping-taxable","12":"purchasable","13":"product-type-variable"},"_links":{"self":[{"href":"https:\/\/cg.spafits.com\/index.php\/wp-json\/wp\/v2\/product\/12077","targetHints":{"allow":["GET"]}}],"collection":[{"href":"https:\/\/cg.spafits.com\/index.php\/wp-json\/wp\/v2\/product"}],"about":[{"href":"https:\/\/cg.spafits.com\/index.php\/wp-json\/wp\/v2\/types\/product"}],"version-history":[{"count":1,"href":"https:\/\/cg.spafits.com\/index.php\/wp-json\/wp\/v2\/product\/12077\/revisions"}],"predecessor-version":[{"id":12086,"href":"https:\/\/cg.spafits.com\/index.php\/wp-json\/wp\/v2\/product\/12077\/revisions\/12086"}],"wp:featuredmedia":[{"embeddable":true,"href":"https:\/\/cg.spafits.com\/index.php\/wp-json\/wp\/v2\/media\/12084"}],"wp:attachment":[{"href":"https:\/\/cg.spafits.com\/index.php\/wp-json\/wp\/v2\/media?parent=12077"}],"wp:term":[{"taxonomy":"product_brand","embeddable":true,"href":"https:\/\/cg.spafits.com\/index.php\/wp-json\/wp\/v2\/product_brand?post=12077"},{"taxonomy":"product_cat","embeddable":true,"href":"https:\/\/cg.spafits.com\/index.php\/wp-json\/wp\/v2\/product_cat?post=12077"},{"taxonomy":"product_tag","embeddable":true,"href":"https:\/\/cg.spafits.com\/index.php\/wp-json\/wp\/v2\/product_tag?post=12077"}],"curies":[{"name":"wp","href":"https:\/\/api.w.org\/{rel}","templated":true}]}}