{"id":11989,"date":"2025-06-20T13:44:16","date_gmt":"2025-06-20T13:44:16","guid":{"rendered":"https:\/\/cg.spafits.com\/?post_type=product&#038;p=11989"},"modified":"2026-02-02T12:31:34","modified_gmt":"2026-02-02T12:31:34","slug":"bugarske-vrece-ciscenje-magacina","status":"publish","type":"product","link":"https:\/\/cg.spafits.com\/index.php\/product\/bugarske-vrece-ciscenje-magacina\/","title":{"rendered":"Bugarske vre\u0107e &#8211; \u010ci\u0161\u0107enje magacina"},"content":{"rendered":"","protected":false},"excerpt":{"rendered":"<p>Materijal: PVC<br \/>\nVeli\u010dina 5\/10\/15\/20kg<\/p>\n","protected":false},"featured_media":9571,"template":"","meta":[],"product_brand":[],"product_cat":[87,84],"product_tag":[],"class_list":{"0":"post-11989","1":"product","2":"type-product","3":"status-publish","4":"has-post-thumbnail","6":"product_cat-fitness-oprema","7":"product_cat-rekviziti","9":"first","10":"instock","11":"shipping-taxable","12":"purchasable","13":"product-type-variable"},"_links":{"self":[{"href":"https:\/\/cg.spafits.com\/index.php\/wp-json\/wp\/v2\/product\/11989","targetHints":{"allow":["GET"]}}],"collection":[{"href":"https:\/\/cg.spafits.com\/index.php\/wp-json\/wp\/v2\/product"}],"about":[{"href":"https:\/\/cg.spafits.com\/index.php\/wp-json\/wp\/v2\/types\/product"}],"version-history":[{"count":1,"href":"https:\/\/cg.spafits.com\/index.php\/wp-json\/wp\/v2\/product\/11989\/revisions"}],"predecessor-version":[{"id":11994,"href":"https:\/\/cg.spafits.com\/index.php\/wp-json\/wp\/v2\/product\/11989\/revisions\/11994"}],"wp:featuredmedia":[{"embeddable":true,"href":"https:\/\/cg.spafits.com\/index.php\/wp-json\/wp\/v2\/media\/9571"}],"wp:attachment":[{"href":"https:\/\/cg.spafits.com\/index.php\/wp-json\/wp\/v2\/media?parent=11989"}],"wp:term":[{"taxonomy":"product_brand","embeddable":true,"href":"https:\/\/cg.spafits.com\/index.php\/wp-json\/wp\/v2\/product_brand?post=11989"},{"taxonomy":"product_cat","embeddable":true,"href":"https:\/\/cg.spafits.com\/index.php\/wp-json\/wp\/v2\/product_cat?post=11989"},{"taxonomy":"product_tag","embeddable":true,"href":"https:\/\/cg.spafits.com\/index.php\/wp-json\/wp\/v2\/product_tag?post=11989"}],"curies":[{"name":"wp","href":"https:\/\/api.w.org\/{rel}","templated":true}]}}