{"id":11687,"date":"2025-03-25T13:38:09","date_gmt":"2025-03-25T13:38:09","guid":{"rendered":"https:\/\/cg.spafits.com\/?post_type=product&#038;p=11687"},"modified":"2026-02-02T12:32:51","modified_gmt":"2026-02-02T12:32:51","slug":"hamer-za-grudi-vertical-chest-press-sprava-za-ramena-shoulder-press-ciscenje-magacina","status":"publish","type":"product","link":"https:\/\/cg.spafits.com\/index.php\/product\/hamer-za-grudi-vertical-chest-press-sprava-za-ramena-shoulder-press-ciscenje-magacina\/","title":{"rendered":"Hamer za grudi (Vertical Chest Press) + Sprava za ramena (Shoulder Press) &#8211; \u010ci\u0161\u0107enje magacina"},"content":{"rendered":"","protected":false},"excerpt":{"rendered":"","protected":false},"featured_media":11689,"template":"","meta":[],"product_brand":[],"product_cat":[20],"product_tag":[],"class_list":{"0":"post-11687","1":"product","2":"type-product","3":"status-publish","4":"has-post-thumbnail","6":"product_cat-neodredeno","8":"first","9":"instock","10":"shipping-taxable","11":"purchasable","12":"product-type-simple"},"_links":{"self":[{"href":"https:\/\/cg.spafits.com\/index.php\/wp-json\/wp\/v2\/product\/11687","targetHints":{"allow":["GET"]}}],"collection":[{"href":"https:\/\/cg.spafits.com\/index.php\/wp-json\/wp\/v2\/product"}],"about":[{"href":"https:\/\/cg.spafits.com\/index.php\/wp-json\/wp\/v2\/types\/product"}],"version-history":[{"count":1,"href":"https:\/\/cg.spafits.com\/index.php\/wp-json\/wp\/v2\/product\/11687\/revisions"}],"predecessor-version":[{"id":11690,"href":"https:\/\/cg.spafits.com\/index.php\/wp-json\/wp\/v2\/product\/11687\/revisions\/11690"}],"wp:featuredmedia":[{"embeddable":true,"href":"https:\/\/cg.spafits.com\/index.php\/wp-json\/wp\/v2\/media\/11689"}],"wp:attachment":[{"href":"https:\/\/cg.spafits.com\/index.php\/wp-json\/wp\/v2\/media?parent=11687"}],"wp:term":[{"taxonomy":"product_brand","embeddable":true,"href":"https:\/\/cg.spafits.com\/index.php\/wp-json\/wp\/v2\/product_brand?post=11687"},{"taxonomy":"product_cat","embeddable":true,"href":"https:\/\/cg.spafits.com\/index.php\/wp-json\/wp\/v2\/product_cat?post=11687"},{"taxonomy":"product_tag","embeddable":true,"href":"https:\/\/cg.spafits.com\/index.php\/wp-json\/wp\/v2\/product_tag?post=11687"}],"curies":[{"name":"wp","href":"https:\/\/api.w.org\/{rel}","templated":true}]}}