{"id":11681,"date":"2025-03-25T13:35:10","date_gmt":"2025-03-25T13:35:10","guid":{"rendered":"https:\/\/cg.spafits.com\/?post_type=product&#038;p=11681"},"modified":"2026-02-02T12:31:44","modified_gmt":"2026-02-02T12:31:44","slug":"crno-zuti-okrugli-teg-new-dumbbell-black-yellow-round-set-ciscenje-magacina","status":"publish","type":"product","link":"https:\/\/cg.spafits.com\/index.php\/product\/crno-zuti-okrugli-teg-new-dumbbell-black-yellow-round-set-ciscenje-magacina\/","title":{"rendered":"Crno-\u017euti okrugli teg (New dumbbell black-yellow round) SET &#8211; \u010ci\u0161\u0107enje magacina"},"content":{"rendered":"","protected":false},"excerpt":{"rendered":"","protected":false},"featured_media":11753,"template":"","meta":[],"product_brand":[],"product_cat":[20],"product_tag":[],"class_list":{"0":"post-11681","1":"product","2":"type-product","3":"status-publish","4":"has-post-thumbnail","6":"product_cat-neodredeno","8":"first","9":"instock","10":"shipping-taxable","11":"purchasable","12":"product-type-simple"},"_links":{"self":[{"href":"https:\/\/cg.spafits.com\/index.php\/wp-json\/wp\/v2\/product\/11681","targetHints":{"allow":["GET"]}}],"collection":[{"href":"https:\/\/cg.spafits.com\/index.php\/wp-json\/wp\/v2\/product"}],"about":[{"href":"https:\/\/cg.spafits.com\/index.php\/wp-json\/wp\/v2\/types\/product"}],"version-history":[{"count":1,"href":"https:\/\/cg.spafits.com\/index.php\/wp-json\/wp\/v2\/product\/11681\/revisions"}],"predecessor-version":[{"id":11686,"href":"https:\/\/cg.spafits.com\/index.php\/wp-json\/wp\/v2\/product\/11681\/revisions\/11686"}],"wp:featuredmedia":[{"embeddable":true,"href":"https:\/\/cg.spafits.com\/index.php\/wp-json\/wp\/v2\/media\/11753"}],"wp:attachment":[{"href":"https:\/\/cg.spafits.com\/index.php\/wp-json\/wp\/v2\/media?parent=11681"}],"wp:term":[{"taxonomy":"product_brand","embeddable":true,"href":"https:\/\/cg.spafits.com\/index.php\/wp-json\/wp\/v2\/product_brand?post=11681"},{"taxonomy":"product_cat","embeddable":true,"href":"https:\/\/cg.spafits.com\/index.php\/wp-json\/wp\/v2\/product_cat?post=11681"},{"taxonomy":"product_tag","embeddable":true,"href":"https:\/\/cg.spafits.com\/index.php\/wp-json\/wp\/v2\/product_tag?post=11681"}],"curies":[{"name":"wp","href":"https:\/\/api.w.org\/{rel}","templated":true}]}}