{"id":11369,"date":"2024-10-22T10:16:52","date_gmt":"2024-10-22T10:16:52","guid":{"rendered":"https:\/\/cg.spafits.com\/?post_type=product&#038;p=11369"},"modified":"2026-04-15T11:26:57","modified_gmt":"2026-04-15T11:26:57","slug":"smith-squat-rack","status":"publish","type":"product","link":"https:\/\/cg.spafits.com\/index.php\/product\/smith-squat-rack\/","title":{"rendered":"Smith + Squat Rack"},"content":{"rendered":"<p>219cm\u00d7164cm\u00d7230cm<br \/>\nN.V.: 328 kg<\/p>\n<p><strong>\u0160EMA ZA SASTAVLJANJE: <a href=\"https:\/\/cg.spafits.com\/wp-content\/uploads\/2025\/05\/1617B-Smith-Squat-Rack.pdf\">SMITH + SQUAT RACK<\/a><\/strong><\/p>\n","protected":false},"excerpt":{"rendered":"<p>219cm\u00d7164cm\u00d7230cm N.V.: 328 kg \u0160EMA ZA SASTAVLJANJE: SMITH + SQUAT RACK<\/p>\n","protected":false},"featured_media":11375,"template":"","meta":[],"product_brand":[],"product_cat":[70],"product_tag":[],"class_list":{"0":"post-11369","1":"product","2":"type-product","3":"status-publish","4":"has-post-thumbnail","6":"product_cat-oprema-za-teretane","8":"first","9":"instock","10":"shipping-taxable","11":"purchasable","12":"product-type-simple"},"_links":{"self":[{"href":"https:\/\/cg.spafits.com\/index.php\/wp-json\/wp\/v2\/product\/11369","targetHints":{"allow":["GET"]}}],"collection":[{"href":"https:\/\/cg.spafits.com\/index.php\/wp-json\/wp\/v2\/product"}],"about":[{"href":"https:\/\/cg.spafits.com\/index.php\/wp-json\/wp\/v2\/types\/product"}],"version-history":[{"count":4,"href":"https:\/\/cg.spafits.com\/index.php\/wp-json\/wp\/v2\/product\/11369\/revisions"}],"predecessor-version":[{"id":11796,"href":"https:\/\/cg.spafits.com\/index.php\/wp-json\/wp\/v2\/product\/11369\/revisions\/11796"}],"wp:featuredmedia":[{"embeddable":true,"href":"https:\/\/cg.spafits.com\/index.php\/wp-json\/wp\/v2\/media\/11375"}],"wp:attachment":[{"href":"https:\/\/cg.spafits.com\/index.php\/wp-json\/wp\/v2\/media?parent=11369"}],"wp:term":[{"taxonomy":"product_brand","embeddable":true,"href":"https:\/\/cg.spafits.com\/index.php\/wp-json\/wp\/v2\/product_brand?post=11369"},{"taxonomy":"product_cat","embeddable":true,"href":"https:\/\/cg.spafits.com\/index.php\/wp-json\/wp\/v2\/product_cat?post=11369"},{"taxonomy":"product_tag","embeddable":true,"href":"https:\/\/cg.spafits.com\/index.php\/wp-json\/wp\/v2\/product_tag?post=11369"}],"curies":[{"name":"wp","href":"https:\/\/api.w.org\/{rel}","templated":true}]}}