{"id":11365,"date":"2024-10-22T10:07:20","date_gmt":"2024-10-22T10:07:20","guid":{"rendered":"https:\/\/cg.spafits.com\/?post_type=product&#038;p=11365"},"modified":"2026-04-19T12:14:15","modified_gmt":"2026-04-19T12:14:15","slug":"rope-pulling-machine","status":"publish","type":"product","link":"https:\/\/cg.spafits.com\/index.php\/product\/rope-pulling-machine\/","title":{"rendered":"Rope pulling  machine"},"content":{"rendered":"<p>Veli\u010dina: 470 * 420 * 270 mm<br \/>\nPakovanje: 500k480k360mm<br \/>\nTe\u017eina: 32 kg<br \/>\nTe\u017eina: 35 kg<\/p>\n<div style=\"width: 288px;\" class=\"wp-video\"><video class=\"wp-video-shortcode\" id=\"video-11365-1\" width=\"288\" height=\"480\" preload=\"metadata\" controls=\"controls\"><source type=\"video\/mp4\" src=\"https:\/\/cg.spafits.com\/wp-content\/uploads\/2024\/10\/video-8838ebf7ea8eeb40201ddba56bd263cb-V.mp4?_=1\" \/><a href=\"https:\/\/cg.spafits.com\/wp-content\/uploads\/2024\/10\/video-8838ebf7ea8eeb40201ddba56bd263cb-V.mp4\">https:\/\/cg.spafits.com\/wp-content\/uploads\/2024\/10\/video-8838ebf7ea8eeb40201ddba56bd263cb-V.mp4<\/a><\/video><\/div>\n","protected":false},"excerpt":{"rendered":"<p>Veli\u010dina: 470 * 420 * 270 mm Pakovanje: 500k480k360mm Te\u017eina: 32 kg Te\u017eina: 35 kg<\/p>\n","protected":false},"featured_media":11378,"template":"","meta":[],"product_brand":[],"product_cat":[74,110],"product_tag":[],"class_list":{"0":"post-11365","1":"product","2":"type-product","3":"status-publish","4":"has-post-thumbnail","6":"product_cat-cardio","7":"product_cat-penjaci-uzeta","9":"first","10":"instock","11":"shipping-taxable","12":"purchasable","13":"product-type-simple"},"_links":{"self":[{"href":"https:\/\/cg.spafits.com\/index.php\/wp-json\/wp\/v2\/product\/11365","targetHints":{"allow":["GET"]}}],"collection":[{"href":"https:\/\/cg.spafits.com\/index.php\/wp-json\/wp\/v2\/product"}],"about":[{"href":"https:\/\/cg.spafits.com\/index.php\/wp-json\/wp\/v2\/types\/product"}],"version-history":[{"count":3,"href":"https:\/\/cg.spafits.com\/index.php\/wp-json\/wp\/v2\/product\/11365\/revisions"}],"predecessor-version":[{"id":11403,"href":"https:\/\/cg.spafits.com\/index.php\/wp-json\/wp\/v2\/product\/11365\/revisions\/11403"}],"wp:featuredmedia":[{"embeddable":true,"href":"https:\/\/cg.spafits.com\/index.php\/wp-json\/wp\/v2\/media\/11378"}],"wp:attachment":[{"href":"https:\/\/cg.spafits.com\/index.php\/wp-json\/wp\/v2\/media?parent=11365"}],"wp:term":[{"taxonomy":"product_brand","embeddable":true,"href":"https:\/\/cg.spafits.com\/index.php\/wp-json\/wp\/v2\/product_brand?post=11365"},{"taxonomy":"product_cat","embeddable":true,"href":"https:\/\/cg.spafits.com\/index.php\/wp-json\/wp\/v2\/product_cat?post=11365"},{"taxonomy":"product_tag","embeddable":true,"href":"https:\/\/cg.spafits.com\/index.php\/wp-json\/wp\/v2\/product_tag?post=11365"}],"curies":[{"name":"wp","href":"https:\/\/api.w.org\/{rel}","templated":true}]}}