{"id":11299,"date":"2024-09-19T10:50:53","date_gmt":"2024-09-19T10:50:53","guid":{"rendered":"https:\/\/cg.spafits.com\/?post_type=product&#038;p=11299"},"modified":"2024-09-19T10:52:38","modified_gmt":"2024-09-19T10:52:38","slug":"sipke-drzaci-za-ploce-u-paru","status":"publish","type":"product","link":"https:\/\/cg.spafits.com\/index.php\/product\/sipke-drzaci-za-ploce-u-paru\/","title":{"rendered":"\u0160ipke dr\u017ea\u010di za plo\u010de &#8211; u paru"},"content":{"rendered":"","protected":false},"excerpt":{"rendered":"","protected":false},"featured_media":11277,"template":"","meta":[],"product_brand":[],"product_cat":[131],"product_tag":[],"class_list":{"0":"post-11299","1":"product","2":"type-product","3":"status-publish","4":"has-post-thumbnail","6":"product_cat-rezervni-delovi","8":"first","9":"instock","10":"shipping-taxable","11":"purchasable","12":"product-type-simple"},"_links":{"self":[{"href":"https:\/\/cg.spafits.com\/index.php\/wp-json\/wp\/v2\/product\/11299","targetHints":{"allow":["GET"]}}],"collection":[{"href":"https:\/\/cg.spafits.com\/index.php\/wp-json\/wp\/v2\/product"}],"about":[{"href":"https:\/\/cg.spafits.com\/index.php\/wp-json\/wp\/v2\/types\/product"}],"version-history":[{"count":1,"href":"https:\/\/cg.spafits.com\/index.php\/wp-json\/wp\/v2\/product\/11299\/revisions"}],"predecessor-version":[{"id":11300,"href":"https:\/\/cg.spafits.com\/index.php\/wp-json\/wp\/v2\/product\/11299\/revisions\/11300"}],"wp:featuredmedia":[{"embeddable":true,"href":"https:\/\/cg.spafits.com\/index.php\/wp-json\/wp\/v2\/media\/11277"}],"wp:attachment":[{"href":"https:\/\/cg.spafits.com\/index.php\/wp-json\/wp\/v2\/media?parent=11299"}],"wp:term":[{"taxonomy":"product_brand","embeddable":true,"href":"https:\/\/cg.spafits.com\/index.php\/wp-json\/wp\/v2\/product_brand?post=11299"},{"taxonomy":"product_cat","embeddable":true,"href":"https:\/\/cg.spafits.com\/index.php\/wp-json\/wp\/v2\/product_cat?post=11299"},{"taxonomy":"product_tag","embeddable":true,"href":"https:\/\/cg.spafits.com\/index.php\/wp-json\/wp\/v2\/product_tag?post=11299"}],"curies":[{"name":"wp","href":"https:\/\/api.w.org\/{rel}","templated":true}]}}