{"id":11041,"date":"2024-05-22T07:59:14","date_gmt":"2024-05-22T07:59:14","guid":{"rendered":"https:\/\/cg.spafits.com\/?post_type=product&#038;p=11041"},"modified":"2026-04-15T10:33:39","modified_gmt":"2026-04-15T10:33:39","slug":"bocno-letenje-side-flat-rise","status":"publish","type":"product","link":"https:\/\/cg.spafits.com\/index.php\/product\/bocno-letenje-side-flat-rise\/","title":{"rendered":"BO\u010cNO LETENJE \u2013 SIDE FLAT RISE"},"content":{"rendered":"<h4>Kako se koristi:<\/h4>\n<p>Vje\u017eba se izvodi iz stoje\u0107eg polo\u017eaja, dr\u017ee\u0107i ru\u010dke sprave sa svake strane. Polako podi\u017eite ru\u010dke u bo\u010dnom pokretu sve dok ne dosegnete visinu ramena, zatim ih polako spu\u0161tajte nazad u po\u010detni polo\u017eaj. Podesivo optere\u0107enje omogu\u0107ava korisnicima svih nivoa fitnesa da postepeno pove\u0107avaju te\u017einu i intenzitet vje\u017ebi.<\/p>\n<h4>Specifikacije:<\/h4>\n<ul>\n<li><strong>Dimenzije:<\/strong> 1465 x 850 x 2000 mm<\/li>\n<li><strong>Te\u017eina optere\u0107enja:<\/strong> 80 kg<\/li>\n<li><strong>Neto te\u017eina:<\/strong> 230 kg<\/li>\n<li><strong>Pakovanje:<\/strong> 1590 x 900 x 525 mm<\/li>\n<li><strong>Te\u017eina tegova:<\/strong> 100 kg<\/li>\n<\/ul>\n<h4>Za\u0161to izabrati &#8220;Side Flat Rise&#8221; od Sparta Fitness Solutions?<\/h4>\n<ul>\n<li><strong>Visokokvalitetna izrada:<\/strong> Izra\u0111ena od izdr\u017eljivih materijala koji osiguravaju dugovje\u010dnost i stabilnost.<\/li>\n<li><strong>Efikasnost:<\/strong> Omogu\u0107ava izolaciju i maksimalnu aktivaciju bo\u010dnih mi\u0161i\u0107a ramena.<\/li>\n<li><strong>Podesivo optere\u0107enje:<\/strong> Prilagodljivo optere\u0107enje omogu\u0107ava vje\u017ebanje korisnicima razli\u010ditih nivoa kondicije.<\/li>\n<li><strong>Kompaktan dizajn:<\/strong> Idealno za male prostore u teretanama, hotelskim fitnes centrima i drugim objektima.<\/li>\n<\/ul>\n<p>Unaprijedite svoj trening ramena sa spravom &#8220;Side Flat Rise&#8221; i iskusite vrhunske rezultate koje pru\u017ea Sparta Fitness Solutions. Naru\u010dite sada i postignite svoje fitnes ciljeve!<\/p>\n","protected":false},"excerpt":{"rendered":"<p>Side Flat Rise&#8221; je visokokvalitetna fitnes sprava dizajnirana za stoje\u0107e vje\u017ebanje bo\u010dnih mi\u0161i\u0107a ramena. Idealan je za korisnike svih nivoa fitnesa koji \u017eele pove\u0107ati snagu, stabilnost i definiciju u ramenom pojasu. Ova sprava omogu\u0107ava precizno ciljanje bo\u010dnih dijelova ramena, pru\u017eaju\u0107i maksimalne rezultate uz minimalan rizik od povreda.<\/p>\n","protected":false},"featured_media":11042,"template":"","meta":[],"product_brand":[],"product_cat":[86],"product_tag":[],"class_list":{"0":"post-11041","1":"product","2":"type-product","3":"status-publish","4":"has-post-thumbnail","6":"product_cat-multi-masine","8":"first","9":"instock","10":"shipping-taxable","11":"purchasable","12":"product-type-simple"},"_links":{"self":[{"href":"https:\/\/cg.spafits.com\/index.php\/wp-json\/wp\/v2\/product\/11041","targetHints":{"allow":["GET"]}}],"collection":[{"href":"https:\/\/cg.spafits.com\/index.php\/wp-json\/wp\/v2\/product"}],"about":[{"href":"https:\/\/cg.spafits.com\/index.php\/wp-json\/wp\/v2\/types\/product"}],"version-history":[{"count":4,"href":"https:\/\/cg.spafits.com\/index.php\/wp-json\/wp\/v2\/product\/11041\/revisions"}],"predecessor-version":[{"id":12329,"href":"https:\/\/cg.spafits.com\/index.php\/wp-json\/wp\/v2\/product\/11041\/revisions\/12329"}],"wp:featuredmedia":[{"embeddable":true,"href":"https:\/\/cg.spafits.com\/index.php\/wp-json\/wp\/v2\/media\/11042"}],"wp:attachment":[{"href":"https:\/\/cg.spafits.com\/index.php\/wp-json\/wp\/v2\/media?parent=11041"}],"wp:term":[{"taxonomy":"product_brand","embeddable":true,"href":"https:\/\/cg.spafits.com\/index.php\/wp-json\/wp\/v2\/product_brand?post=11041"},{"taxonomy":"product_cat","embeddable":true,"href":"https:\/\/cg.spafits.com\/index.php\/wp-json\/wp\/v2\/product_cat?post=11041"},{"taxonomy":"product_tag","embeddable":true,"href":"https:\/\/cg.spafits.com\/index.php\/wp-json\/wp\/v2\/product_tag?post=11041"}],"curies":[{"name":"wp","href":"https:\/\/api.w.org\/{rel}","templated":true}]}}