{"id":10940,"date":"2024-04-04T08:27:04","date_gmt":"2024-04-04T08:27:04","guid":{"rendered":"https:\/\/cg.spafits.com\/?post_type=product&#038;p=10940"},"modified":"2024-04-04T08:29:56","modified_gmt":"2024-04-04T08:29:56","slug":"combo-ponuda-olimpijska-trap-hex-strongman-sipka-100kg-ploce-bumperi-testirane-na-2000-bacanja-gratis-1-par-osiguraci-stipalice-i-1x-zastita-za-sipke-barbell-pad","status":"publish","type":"product","link":"https:\/\/cg.spafits.com\/index.php\/product\/combo-ponuda-olimpijska-trap-hex-strongman-sipka-100kg-ploce-bumperi-testirane-na-2000-bacanja-gratis-1-par-osiguraci-stipalice-i-1x-zastita-za-sipke-barbell-pad\/","title":{"rendered":"COMBO PONUDA OLIMPIJSKA TRAP, HEX, STRONGMAN \u0160IPKA +100KG PLO\u010cE \u201cBUMPERI\u201d, TESTIRANE NA 2000 BACANJA + GRATIS 1 PAR OSIGURA\u010cI \u0160TIPALICE I 1X ZA\u0160TITA ZA \u0160IPKE (BARBELL PAD)"},"content":{"rendered":"","protected":false},"excerpt":{"rendered":"","protected":false},"featured_media":10941,"template":"","meta":[],"product_brand":[],"product_cat":[130],"product_tag":[],"class_list":{"0":"post-10940","1":"product","2":"type-product","3":"status-publish","4":"has-post-thumbnail","6":"product_cat-combo-ponude-2024","8":"first","9":"instock","10":"sale","11":"shipping-taxable","12":"purchasable","13":"product-type-simple"},"_links":{"self":[{"href":"https:\/\/cg.spafits.com\/index.php\/wp-json\/wp\/v2\/product\/10940","targetHints":{"allow":["GET"]}}],"collection":[{"href":"https:\/\/cg.spafits.com\/index.php\/wp-json\/wp\/v2\/product"}],"about":[{"href":"https:\/\/cg.spafits.com\/index.php\/wp-json\/wp\/v2\/types\/product"}],"version-history":[{"count":1,"href":"https:\/\/cg.spafits.com\/index.php\/wp-json\/wp\/v2\/product\/10940\/revisions"}],"predecessor-version":[{"id":10942,"href":"https:\/\/cg.spafits.com\/index.php\/wp-json\/wp\/v2\/product\/10940\/revisions\/10942"}],"wp:featuredmedia":[{"embeddable":true,"href":"https:\/\/cg.spafits.com\/index.php\/wp-json\/wp\/v2\/media\/10941"}],"wp:attachment":[{"href":"https:\/\/cg.spafits.com\/index.php\/wp-json\/wp\/v2\/media?parent=10940"}],"wp:term":[{"taxonomy":"product_brand","embeddable":true,"href":"https:\/\/cg.spafits.com\/index.php\/wp-json\/wp\/v2\/product_brand?post=10940"},{"taxonomy":"product_cat","embeddable":true,"href":"https:\/\/cg.spafits.com\/index.php\/wp-json\/wp\/v2\/product_cat?post=10940"},{"taxonomy":"product_tag","embeddable":true,"href":"https:\/\/cg.spafits.com\/index.php\/wp-json\/wp\/v2\/product_tag?post=10940"}],"curies":[{"name":"wp","href":"https:\/\/api.w.org\/{rel}","templated":true}]}}