{"id":10698,"date":"2023-09-04T10:09:34","date_gmt":"2023-09-04T10:09:34","guid":{"rendered":"https:\/\/cg.spafits.com\/?post_type=product&#038;p=10698"},"modified":"2025-09-01T11:39:51","modified_gmt":"2025-09-01T11:39:51","slug":"stapovi-za-cunjeve","status":"publish","type":"product","link":"https:\/\/cg.spafits.com\/index.php\/product\/stapovi-za-cunjeve\/","title":{"rendered":"\u0160tapovi za \u010cunjeve"},"content":{"rendered":"<p>\u010cunjevi su idealan dodatak za vje\u017ebe koje uklju\u010duju \u010dunjeve u trening. Njihova duljina od 150 cm daje vje\u017eba\u010dima dovoljno prostora za razne vje\u017ebe, uklju\u010duju\u0107i dizanja, rotacije i druge funkcionalne pokrete. Izra\u0111eni od kvalitetnih materijala, ovi \u0161tapovi osiguravaju stabilnost i izdr\u017eljivost tijekom kori\u0161tenja.<\/p>\n<p>Razne vje\u017ebe: \u0160ipke vam omogu\u0107uju izvo\u0111enje raznih vje\u017ebi s \u010dunjevima, pobolj\u0161avaju\u0107i koordinaciju i snagu.<br \/>\nPreciznost pokreta: Duljina od 150 cm pru\u017ea vje\u017eba\u010dima preciznost i kontrolu tijekom vje\u017ebanja, posebno u vje\u017ebama s \u010dunjevima.<br \/>\nVi\u0161enamjenska upotreba: \u0161tapovi se mogu koristiti u razli\u010ditim treninzima, uklju\u010duju\u0107i funkcionalni trening, trening snage i druge fitness aktivnosti.<br \/>\nDuljina: 150 cm<br \/>\nTe\u017eina: 220g<\/p>\n","protected":false},"excerpt":{"rendered":"<h5>\u00a0 Du\u017eina 150cm<\/h5>\n","protected":false},"featured_media":10387,"template":"","meta":[],"product_brand":[],"product_cat":[129,84],"product_tag":[],"class_list":{"0":"post-10698","1":"product","2":"type-product","3":"status-publish","4":"has-post-thumbnail","6":"product_cat-dodatna-oprema","7":"product_cat-rekviziti","9":"first","10":"instock","11":"shipping-taxable","12":"purchasable","13":"product-type-simple"},"_links":{"self":[{"href":"https:\/\/cg.spafits.com\/index.php\/wp-json\/wp\/v2\/product\/10698","targetHints":{"allow":["GET"]}}],"collection":[{"href":"https:\/\/cg.spafits.com\/index.php\/wp-json\/wp\/v2\/product"}],"about":[{"href":"https:\/\/cg.spafits.com\/index.php\/wp-json\/wp\/v2\/types\/product"}],"version-history":[{"count":3,"href":"https:\/\/cg.spafits.com\/index.php\/wp-json\/wp\/v2\/product\/10698\/revisions"}],"predecessor-version":[{"id":11364,"href":"https:\/\/cg.spafits.com\/index.php\/wp-json\/wp\/v2\/product\/10698\/revisions\/11364"}],"wp:featuredmedia":[{"embeddable":true,"href":"https:\/\/cg.spafits.com\/index.php\/wp-json\/wp\/v2\/media\/10387"}],"wp:attachment":[{"href":"https:\/\/cg.spafits.com\/index.php\/wp-json\/wp\/v2\/media?parent=10698"}],"wp:term":[{"taxonomy":"product_brand","embeddable":true,"href":"https:\/\/cg.spafits.com\/index.php\/wp-json\/wp\/v2\/product_brand?post=10698"},{"taxonomy":"product_cat","embeddable":true,"href":"https:\/\/cg.spafits.com\/index.php\/wp-json\/wp\/v2\/product_cat?post=10698"},{"taxonomy":"product_tag","embeddable":true,"href":"https:\/\/cg.spafits.com\/index.php\/wp-json\/wp\/v2\/product_tag?post=10698"}],"curies":[{"name":"wp","href":"https:\/\/api.w.org\/{rel}","templated":true}]}}