{"id":10382,"date":"2023-01-11T08:15:02","date_gmt":"2023-01-11T08:15:02","guid":{"rendered":"https:\/\/cg.spafits.com\/?post_type=product&#038;p=10382"},"modified":"2025-09-01T11:39:51","modified_gmt":"2025-09-01T11:39:51","slug":"cunjevi","status":"publish","type":"product","link":"https:\/\/cg.spafits.com\/index.php\/product\/cunjevi\/","title":{"rendered":"\u010cunjevi"},"content":{"rendered":"<p>\u010cunjevi su klasi\u010dni sportski rekvizit koji se koristi u mnogim disciplinama, uklju\u010duju\u0107i atletiku, kondicijski trening, ali i razne igre i aktivnosti. Visina od 53 cm \u010dini ih pogodnima za vje\u017ebe preciznosti i agilnosti, pobolj\u0161avaju\u0107i koordinaciju pokreta i brzinu reakcije vje\u017eba\u010da.<\/p>\n<p>Pobolj\u0161anje agilnosti: \u010dunjevi se \u010desto koriste za vje\u017ebe koje zahtijevaju brze i precizne pokrete, \u010dime se pobolj\u0161ava agilnost.<br \/>\nKoordinacija pokreta: Vje\u017ebe s \u010dunjevima poti\u010du bolju koordinaciju izme\u0111u o\u010diju, ruku i stopala.<br \/>\nSvestrana primjena: \u010cunjevi su svestrani i koriste se u raznim sportovima, kondicijskim treninzima, kao iu igrama i natjecanjima.<br \/>\nVisina: 53 cm<\/p>\n<p>Te\u017eina: 430g<\/p>\n","protected":false},"excerpt":{"rendered":"<p>Visina 53cm<\/p>\n","protected":false},"featured_media":10385,"template":"","meta":[],"product_brand":[],"product_cat":[129,84],"product_tag":[],"class_list":{"0":"post-10382","1":"product","2":"type-product","3":"status-publish","4":"has-post-thumbnail","6":"product_cat-dodatna-oprema","7":"product_cat-rekviziti","9":"first","10":"instock","11":"shipping-taxable","12":"purchasable","13":"product-type-simple"},"_links":{"self":[{"href":"https:\/\/cg.spafits.com\/index.php\/wp-json\/wp\/v2\/product\/10382","targetHints":{"allow":["GET"]}}],"collection":[{"href":"https:\/\/cg.spafits.com\/index.php\/wp-json\/wp\/v2\/product"}],"about":[{"href":"https:\/\/cg.spafits.com\/index.php\/wp-json\/wp\/v2\/types\/product"}],"version-history":[{"count":3,"href":"https:\/\/cg.spafits.com\/index.php\/wp-json\/wp\/v2\/product\/10382\/revisions"}],"predecessor-version":[{"id":11363,"href":"https:\/\/cg.spafits.com\/index.php\/wp-json\/wp\/v2\/product\/10382\/revisions\/11363"}],"wp:featuredmedia":[{"embeddable":true,"href":"https:\/\/cg.spafits.com\/index.php\/wp-json\/wp\/v2\/media\/10385"}],"wp:attachment":[{"href":"https:\/\/cg.spafits.com\/index.php\/wp-json\/wp\/v2\/media?parent=10382"}],"wp:term":[{"taxonomy":"product_brand","embeddable":true,"href":"https:\/\/cg.spafits.com\/index.php\/wp-json\/wp\/v2\/product_brand?post=10382"},{"taxonomy":"product_cat","embeddable":true,"href":"https:\/\/cg.spafits.com\/index.php\/wp-json\/wp\/v2\/product_cat?post=10382"},{"taxonomy":"product_tag","embeddable":true,"href":"https:\/\/cg.spafits.com\/index.php\/wp-json\/wp\/v2\/product_tag?post=10382"}],"curies":[{"name":"wp","href":"https:\/\/api.w.org\/{rel}","templated":true}]}}