{"id":10315,"date":"2023-01-05T08:00:45","date_gmt":"2023-01-05T08:00:45","guid":{"rendered":"https:\/\/cg.spafits.com\/?post_type=product&#038;p=10315"},"modified":"2026-04-06T11:55:04","modified_gmt":"2026-04-06T11:55:04","slug":"cerakote-barbell-sipka","status":"publish","type":"product","link":"https:\/\/cg.spafits.com\/index.php\/product\/cerakote-barbell-sipka\/","title":{"rendered":"Cerakote Barbell \u0160ipka"},"content":{"rendered":"<h5 dir=\"auto\">\u2013\u00a0 Jedinstvena formulacija Cerakote pobolj\u0161ava mnoge fizi\u010dke karakteristike uklju\u010duju\u0107i otpornost na koroziju i abraziju, pobolj\u0161anu hemijsku otpornost i \u010dvrsto\u0107u.<\/h5>\n<div>\n<p>&nbsp;<\/p>\n<p>\u2013 \u0160ipke za olimpijsko dizanje i powerlifting vrlo su robustne, ali sa Cerakote premazom njihova izdr\u017eljivost postaje jo\u0161 ve\u0107a.<\/p>\n<p>Specifikacije:<\/p>\n<ul>\n<li>Du\u017eina \u0161ipke: 2200 mm<\/li>\n<li>Unutra\u0161nji razmak za hvat: 1370 mm<\/li>\n<li>Du\u017eina cilindra za slaganje plo\u010da: 415 mm<\/li>\n<li>Te\u017eina: 20 kg<\/li>\n<li>Materijal: \u010delik, Cerakote<\/li>\n<li>Maksimalno optere\u0107enje: 680 kg<\/li>\n<li>promjer: 28 mm<\/li>\n<li>205.000 PSI<\/li>\n<\/ul>\n<\/div>\n","protected":false},"excerpt":{"rendered":"<p>220 cm, te\u017eina: 20 kg, Maksimalno opterec\u0301enje: 680kg, promjer: 50fi<\/p>\n","protected":false},"featured_media":10316,"template":"","meta":[],"product_brand":[],"product_cat":[84,122],"product_tag":[],"class_list":{"0":"post-10315","1":"product","2":"type-product","3":"status-publish","4":"has-post-thumbnail","6":"product_cat-rekviziti","7":"product_cat-sipke-i-osiguraci","9":"first","10":"instock","11":"sale","12":"shipping-taxable","13":"purchasable","14":"product-type-simple"},"_links":{"self":[{"href":"https:\/\/cg.spafits.com\/index.php\/wp-json\/wp\/v2\/product\/10315","targetHints":{"allow":["GET"]}}],"collection":[{"href":"https:\/\/cg.spafits.com\/index.php\/wp-json\/wp\/v2\/product"}],"about":[{"href":"https:\/\/cg.spafits.com\/index.php\/wp-json\/wp\/v2\/types\/product"}],"version-history":[{"count":6,"href":"https:\/\/cg.spafits.com\/index.php\/wp-json\/wp\/v2\/product\/10315\/revisions"}],"predecessor-version":[{"id":11462,"href":"https:\/\/cg.spafits.com\/index.php\/wp-json\/wp\/v2\/product\/10315\/revisions\/11462"}],"wp:featuredmedia":[{"embeddable":true,"href":"https:\/\/cg.spafits.com\/index.php\/wp-json\/wp\/v2\/media\/10316"}],"wp:attachment":[{"href":"https:\/\/cg.spafits.com\/index.php\/wp-json\/wp\/v2\/media?parent=10315"}],"wp:term":[{"taxonomy":"product_brand","embeddable":true,"href":"https:\/\/cg.spafits.com\/index.php\/wp-json\/wp\/v2\/product_brand?post=10315"},{"taxonomy":"product_cat","embeddable":true,"href":"https:\/\/cg.spafits.com\/index.php\/wp-json\/wp\/v2\/product_cat?post=10315"},{"taxonomy":"product_tag","embeddable":true,"href":"https:\/\/cg.spafits.com\/index.php\/wp-json\/wp\/v2\/product_tag?post=10315"}],"curies":[{"name":"wp","href":"https:\/\/api.w.org\/{rel}","templated":true}]}}