{"id":10107,"date":"2022-08-09T08:26:38","date_gmt":"2022-08-09T08:26:38","guid":{"rendered":"https:\/\/cg.spafits.com\/?post_type=product&#038;p=10107"},"modified":"2025-06-10T12:51:46","modified_gmt":"2025-06-10T12:51:46","slug":"crash-pads","status":"publish","type":"product","link":"https:\/\/cg.spafits.com\/index.php\/product\/crash-pads\/","title":{"rendered":"Crash pads"},"content":{"rendered":"","protected":false},"excerpt":{"rendered":"<p>Materijal: 1000Dpvc poklopac + D120 visoka elasti\u010dna pena veli\u010dina 80 * 60 * 15 cm te\u017eina: 23kg<br \/>\nMax drop weight 500kg<\/p>\n","protected":false},"featured_media":10109,"template":"","meta":[],"product_brand":[],"product_cat":[84,127],"product_tag":[],"class_list":{"0":"post-10107","1":"product","2":"type-product","3":"status-publish","4":"has-post-thumbnail","6":"product_cat-rekviziti","7":"product_cat-zastitna-oprema","9":"first","10":"instock","11":"shipping-taxable","12":"purchasable","13":"product-type-simple"},"_links":{"self":[{"href":"https:\/\/cg.spafits.com\/index.php\/wp-json\/wp\/v2\/product\/10107","targetHints":{"allow":["GET"]}}],"collection":[{"href":"https:\/\/cg.spafits.com\/index.php\/wp-json\/wp\/v2\/product"}],"about":[{"href":"https:\/\/cg.spafits.com\/index.php\/wp-json\/wp\/v2\/types\/product"}],"version-history":[{"count":6,"href":"https:\/\/cg.spafits.com\/index.php\/wp-json\/wp\/v2\/product\/10107\/revisions"}],"predecessor-version":[{"id":11913,"href":"https:\/\/cg.spafits.com\/index.php\/wp-json\/wp\/v2\/product\/10107\/revisions\/11913"}],"wp:featuredmedia":[{"embeddable":true,"href":"https:\/\/cg.spafits.com\/index.php\/wp-json\/wp\/v2\/media\/10109"}],"wp:attachment":[{"href":"https:\/\/cg.spafits.com\/index.php\/wp-json\/wp\/v2\/media?parent=10107"}],"wp:term":[{"taxonomy":"product_brand","embeddable":true,"href":"https:\/\/cg.spafits.com\/index.php\/wp-json\/wp\/v2\/product_brand?post=10107"},{"taxonomy":"product_cat","embeddable":true,"href":"https:\/\/cg.spafits.com\/index.php\/wp-json\/wp\/v2\/product_cat?post=10107"},{"taxonomy":"product_tag","embeddable":true,"href":"https:\/\/cg.spafits.com\/index.php\/wp-json\/wp\/v2\/product_tag?post=10107"}],"curies":[{"name":"wp","href":"https:\/\/api.w.org\/{rel}","templated":true}]}}