{"id":12212,"date":"2025-09-30T06:48:49","date_gmt":"2025-09-30T06:48:49","guid":{"rendered":"https:\/\/cg.spafits.com\/?page_id=12212"},"modified":"2025-09-30T06:48:50","modified_gmt":"2025-09-30T06:48:50","slug":"garancija-cijene","status":"publish","type":"page","link":"https:\/\/cg.spafits.com\/index.php\/garancija-cijene\/","title":{"rendered":"Garancija cijene"},"content":{"rendered":"\n<figure class=\"wp-block-image size-full\"><img fetchpriority=\"high\" decoding=\"async\" width=\"1000\" height=\"757\" src=\"https:\/\/cg.spafits.com\/wp-content\/uploads\/2025\/09\/ijekavica-ba-cg.jpg\" alt=\"\" class=\"wp-image-12213\" srcset=\"https:\/\/cg.spafits.com\/wp-content\/uploads\/2025\/09\/ijekavica-ba-cg.jpg 1000w, https:\/\/cg.spafits.com\/wp-content\/uploads\/2025\/09\/ijekavica-ba-cg-396x300.jpg 396w, https:\/\/cg.spafits.com\/wp-content\/uploads\/2025\/09\/ijekavica-ba-cg-768x581.jpg 768w, https:\/\/cg.spafits.com\/wp-content\/uploads\/2025\/09\/ijekavica-ba-cg-860x651.jpg 860w, https:\/\/cg.spafits.com\/wp-content\/uploads\/2025\/09\/ijekavica-ba-cg-430x326.jpg 430w, https:\/\/cg.spafits.com\/wp-content\/uploads\/2025\/09\/ijekavica-ba-cg-700x530.jpg 700w, https:\/\/cg.spafits.com\/wp-content\/uploads\/2025\/09\/ijekavica-ba-cg-150x114.jpg 150w\" sizes=\"(max-width: 1000px) 100vw, 1000px\" \/><\/figure>\n\n\n\n<p>\ud83d\udd12 <strong>Garantovana Najni\u017ea Cijena \u2013 Disclaimer<\/strong><\/p>\n\n\n\n<p>U <strong>Sparta Fitness Solutions<\/strong> garantujemo vam najni\u017ee cijene na tr\u017ei\u0161tu! Ako prona\u0111ete identi\u010dan proizvod po ni\u017eoj cijeni kod drugog prodavca, obavezno nas kontaktirajte \u2013 proda\u0107emo vam po toj cijeni!<\/p>\n\n\n\n<p>Da biste ostvarili pravo na garantovanu najni\u017eu cijenu, potrebno je da budu ispunjeni sljede\u0107i uslovi:<\/p>\n\n\n\n<ul class=\"wp-block-list\">\n<li>Proizvod mora biti identi\u010dan (ista marka, model, specifikacije i stanje \u2013 nov i nekori\u0161\u0107en).<\/li>\n\n\n\n<li>Ni\u017ea cijena mora biti kod registrovanog i verifikovanog prodavca u Crnoj Gori.<\/li>\n\n\n\n<li>Proizvod mora biti na stanju i dostupan za isporuku kod konkurenta u trenutku provjere.<\/li>\n\n\n\n<li>Potrebno je da nam po\u0161aljete va\u017ee\u0107i dokaz o ni\u017eoj cijeni (link na proizvod, ponudu sa datumom ili oglas).<\/li>\n\n\n\n<li>U pore\u0111enju cijene uzimaju se u obzir i tro\u0161kovi PDV-a, isporuke i dodatnih naknada.<\/li>\n\n\n\n<li>Zadr\u017eavamo pravo provjere dostupnosti i ta\u010dnosti ponude kod drugog prodavca prije odobravanja uskla\u0111ene cijene.<\/li>\n<\/ul>\n\n\n\n<p>Zahtjev za uskla\u0111ivanje cijene po\u0161aljite na <strong><a href=\"mailto:crossfitspartanac@yahoo.com\">crossfitspartanac@yahoo.com<\/a><\/strong>, sa naslovom e-maila \u201eGarantovana najni\u017ea cijena\u201c, uz sve potrebne dokaze i informacije.<\/p>\n\n\n\n<p>Va\u0161e povjerenje i zadovoljstvo na\u0161a su misija.<\/p>\n\n\n\n<p>\ud83c\udf10 <strong>cg.spafits.com<\/strong><\/p>\n","protected":false},"excerpt":{"rendered":"<p>\ud83d\udd12 Garantovana Najni\u017ea Cijena \u2013 Disclaimer U Sparta Fitness Solutions garantujemo vam najni\u017ee cijene na tr\u017ei\u0161tu! Ako prona\u0111ete identi\u010dan proizvod<\/p>\n","protected":false},"author":1,"featured_media":0,"parent":0,"menu_order":0,"comment_status":"closed","ping_status":"closed","template":"","meta":{"footnotes":""},"class_list":["post-12212","page","type-page","status-publish","hentry"],"_links":{"self":[{"href":"https:\/\/cg.spafits.com\/index.php\/wp-json\/wp\/v2\/pages\/12212","targetHints":{"allow":["GET"]}}],"collection":[{"href":"https:\/\/cg.spafits.com\/index.php\/wp-json\/wp\/v2\/pages"}],"about":[{"href":"https:\/\/cg.spafits.com\/index.php\/wp-json\/wp\/v2\/types\/page"}],"author":[{"embeddable":true,"href":"https:\/\/cg.spafits.com\/index.php\/wp-json\/wp\/v2\/users\/1"}],"replies":[{"embeddable":true,"href":"https:\/\/cg.spafits.com\/index.php\/wp-json\/wp\/v2\/comments?post=12212"}],"version-history":[{"count":1,"href":"https:\/\/cg.spafits.com\/index.php\/wp-json\/wp\/v2\/pages\/12212\/revisions"}],"predecessor-version":[{"id":12214,"href":"https:\/\/cg.spafits.com\/index.php\/wp-json\/wp\/v2\/pages\/12212\/revisions\/12214"}],"wp:attachment":[{"href":"https:\/\/cg.spafits.com\/index.php\/wp-json\/wp\/v2\/media?parent=12212"}],"curies":[{"name":"wp","href":"https:\/\/api.w.org\/{rel}","templated":true}]}}