{"id":10231,"date":"2022-10-26T08:52:07","date_gmt":"2022-10-26T08:52:07","guid":{"rendered":"https:\/\/cg.spafits.com\/?page_id=10231"},"modified":"2026-04-02T08:17:38","modified_gmt":"2026-04-02T08:17:38","slug":"placanje-i-dostava","status":"publish","type":"page","link":"https:\/\/cg.spafits.com\/index.php\/placanje-i-dostava\/","title":{"rendered":"Pla\u0107anje i dostava"},"content":{"rendered":"\n<p>Sparta Fitness Solutions &#8211; Pragovi Isporuke, Popusta i Uslovi Monta\u017ee za Crnu Goru<\/p>\n\n\n\n<p>Po\u0161tovani kupci,<\/p>\n\n\n\n<p>Zahvaljujemo vam \u0161to ste izabrali Sparta Fitness Solutions za va\u0161e potrebe vezane za opremu za vje\u017ebanje. Da bismo vam omogu\u0107ili najbolje iskustvo kupovine, nudimo vam slede\u0107e popuste na osnovu vrijednosti va\u0161e porud\u017ebine u Crnoj Gori:<\/p>\n\n\n\n<p><\/p>\n\n\n\n<ul class=\"wp-block-list\">\n<li><strong>7% popusta<\/strong> na porud\u017ebine preko <strong>3000\u20ac<\/strong><\/li>\n\n\n\n<li><strong>10% popusta<\/strong> na porud\u017ebine preko <strong>7000\u20ac<\/strong><\/li>\n\n\n\n<li><strong>13% popusta<\/strong> na porud\u017ebine preko <strong>15000\u20ac<\/strong><\/li>\n\n\n\n<li><strong>15% popusta<\/strong> na porud\u017ebine preko <strong>20000\u20ac<\/strong><\/li>\n\n\n\n<li><strong>18% popusta<\/strong> na porud\u017ebine preko <strong>35000\u20ac<\/strong><\/li>\n<\/ul>\n\n\n\n<p>Svi popusti, pragovi potro\u0161nje vezani za isporuku, besplatnu dostavu i monta\u017eu se odnose na cijene BEZ PDV-a.<\/p>\n\n\n\n<p>Uz to, \u017eelimo vas obavijestiti o na\u0161im uslovima isporuke i monta\u017ee:<\/p>\n\n\n\n<p><strong>Dostava:<\/strong><\/p>\n\n\n\n<ul class=\"wp-block-list\">\n<li><strong>Podgorica, Danilovgrad, Nik\u0161i\u0107:<\/strong> Besplatna dostava za porud\u017ebine preko <strong>500\u20ac<\/strong><\/li>\n\n\n\n<li><strong>Cetinje:<\/strong> Besplatna dostava za porud\u017ebine preko <strong>1500\u20ac<\/strong><\/li>\n\n\n\n<li><strong>Primorije:<\/strong> Besplatna dostava za porud\u017ebine preko <strong>2500\u20ac<\/strong>, Ulcinj preko <strong>3000\u20ac<\/strong><\/li>\n\n\n\n<li><strong>Svi ostali gradovi:<\/strong> Besplatna dostava za porud\u017ebine preko <strong>4000\u20ac<\/strong><\/li>\n<\/ul>\n\n\n\n<p><strong>Monta\u017ea:<\/strong><\/p>\n\n\n\n<ul class=\"wp-block-list\">\n<li><strong>Podgorica, Danilovgrad, Nik\u0161i\u0107:<\/strong> Besplatna monta\u017ea za porud\u017ebine preko <strong>2000\u20ac<\/strong><\/li>\n\n\n\n<li><strong>Cetinje:<\/strong> Besplatna monta\u017ea za porud\u017ebine preko <strong>3000\u20ac<\/strong><\/li>\n\n\n\n<li><strong>Primorije:<\/strong> Besplatna monta\u017ea za porud\u017ebine preko <strong>4000\u20ac<\/strong><\/li>\n\n\n\n<li><strong>Svi ostali gradovi:<\/strong> Besplatna monta\u017ea za porud\u017ebine preko <strong>5000\u20ac<\/strong><\/li>\n<\/ul>\n\n\n\n<p>Hvala vam na ukazanom povjerenju. Za sva dodatna pitanja ili informacije, slobodno nas kontaktirajte. Va\u0161a potpuna satisfakcija je na\u0161a glavna briga.<\/p>\n\n\n\n<p>Sparta Fitness Solutions  Montenegro uvijek \u017eeli da ponudi maksimum kada su u pitanju cijene i usluge koje pru\u017eamo. Pla\u0107anje se vr\u0161i po profakturi (100% iznosa ) za iznose preko 500 eura na osnovu koje se vr\u0161i nalog za isporuku.<\/p>\n\n\n\n<p>Srda\u010dan pozdrav,<\/p>\n\n\n\n<p>Sparta Fitness Solutions Montenegro<\/p>\n","protected":false},"excerpt":{"rendered":"<p>Sparta Fitness Solutions &#8211; Pragovi Isporuke, Popusta i Uslovi Monta\u017ee za Crnu Goru Po\u0161tovani kupci, Zahvaljujemo vam \u0161to ste izabrali<\/p>\n","protected":false},"author":1,"featured_media":0,"parent":0,"menu_order":0,"comment_status":"closed","ping_status":"closed","template":"","meta":{"footnotes":""},"class_list":["post-10231","page","type-page","status-publish","hentry"],"_links":{"self":[{"href":"https:\/\/cg.spafits.com\/index.php\/wp-json\/wp\/v2\/pages\/10231","targetHints":{"allow":["GET"]}}],"collection":[{"href":"https:\/\/cg.spafits.com\/index.php\/wp-json\/wp\/v2\/pages"}],"about":[{"href":"https:\/\/cg.spafits.com\/index.php\/wp-json\/wp\/v2\/types\/page"}],"author":[{"embeddable":true,"href":"https:\/\/cg.spafits.com\/index.php\/wp-json\/wp\/v2\/users\/1"}],"replies":[{"embeddable":true,"href":"https:\/\/cg.spafits.com\/index.php\/wp-json\/wp\/v2\/comments?post=10231"}],"version-history":[{"count":9,"href":"https:\/\/cg.spafits.com\/index.php\/wp-json\/wp\/v2\/pages\/10231\/revisions"}],"predecessor-version":[{"id":19438,"href":"https:\/\/cg.spafits.com\/index.php\/wp-json\/wp\/v2\/pages\/10231\/revisions\/19438"}],"wp:attachment":[{"href":"https:\/\/cg.spafits.com\/index.php\/wp-json\/wp\/v2\/media?parent=10231"}],"curies":[{"name":"wp","href":"https:\/\/api.w.org\/{rel}","templated":true}]}}