{"id":10229,"date":"2022-10-26T08:43:52","date_gmt":"2022-10-26T08:43:52","guid":{"rendered":"https:\/\/cg.spafits.com\/?page_id=10229"},"modified":"2022-10-26T08:43:53","modified_gmt":"2022-10-26T08:43:53","slug":"politika-privatnosti","status":"publish","type":"page","link":"https:\/\/cg.spafits.com\/index.php\/politika-privatnosti\/","title":{"rendered":"Politika Privatnosti"},"content":{"rendered":"\n<p>Ko smo mi<br>Adresa na\u0161e web stranice je: https:\/\/cg.spafits.com.<\/p>\n\n\n\n<p>Koje li\u010dne podatke prikupljamo i za\u0161to ih prikupljamo<br>Komentari<br>Kada posjetitelji ostavljaju komentare na web mjestu, prikupljamo informacije prikazane u obrascu za komentare, kao i IP adresu posjetitelja i slabi korisni\u010dki agent njegovog web preglednika kako bismo pomogli u otkrivanju sme\u0107a.<\/p>\n\n\n\n<p>Nakon \u0161to va\u0161 komentar bude odobren, va\u0161a slika profila vidljiva je javnosti u smislu va\u0161eg komentara.<\/p>\n\n\n\n<p>Sadr\u017eaj<br>Ako slike prenosite na web lokaciju, izbjegavajte slanje slika s ugnije\u017e\u0111enim podacima o lokaciji (EXIF GPS). Posjetitelji web stranice mogu preuzeti i dohvatiti podatke o lokaciji sa slika na web lokaciji.<\/p>\n\n\n\n<p>Obrasci za kontakt<br>Kola\u010di\u0107i<br>Ako ostavite komentar na na\u0161oj web stranici, mo\u017eete onemogu\u0107iti bilje\u017eenje svog imena, adrese e-po\u0161te i web stranice u kola\u010di\u0107ima. Oni su za va\u0161u udobnost, tako da ne morate ponovo popunjavati svoje podatke kada ostavite novi komentar. Ovi kola\u010di\u0107i traju godinu dana.<\/p>\n\n\n\n<p>Ako posjetite na\u0161u stranicu za prijavu, postavi\u0107emo privremeni kola\u010di\u0107 kako bismo utvrdili prihva\u0107a li va\u0161 web preglednik kola\u010di\u0107e. Ovaj kola\u010di\u0107 ne sadr\u017ei li\u010dne podatke i odbacuje se nakon \u0161to zatvorite web pregleda\u010d.<\/p>\n\n\n\n<p>Kada se prijavite, postavi\u0107emo i nekoliko kola\u010di\u0107a za pohranu va\u0161ih podataka za prijavu i izbora prikaza na ekranu. Kola\u010di\u0107i za prijavu traju dva dana, a kola\u010di\u0107i sa zna\u010dajkama zaslona traju godinu dana. Ako odaberete \u201cZapamti me\u201d, prijava \u0107e vam potrajati dva tjedna. Ako se odjavite sa svog ra\u010duna, va\u0161i kola\u010di\u0107i za prijavu bit \u0107e uklonjeni.<\/p>\n\n\n\n<p>Kada uredite ili objavite \u010dlanak, dodatni kola\u010di\u0107 bit \u0107e spremljen u va\u0161 web preglednik. Ovaj kola\u010di\u0107 ne uklju\u010duje li\u010dne podatke i navodi samo ID \u010dlanka koji ure\u0111ujete. Istje\u010de nakon jednog dana.<\/p>\n\n\n\n<p>Ugnije\u017e\u0111eni sadr\u017eaj s drugih web lokacija<br>\u010clanci na ovom web mjestu mogu sadr\u017eavati ugnije\u017e\u0111eni sadr\u017eaj (npr. Videozapisi, slike, \u010dlanci itd.). Ugnije\u017e\u0111eni sadr\u017eaj s drugih web lokacija pona\u0161a se na potpuno isti na\u010din kao da je va\u0161 posjetitelj posjetio drugu web stranicu.<\/p>\n\n\n\n<p>Ove web stranice mogu prikupljati podatke o vama, koristiti kola\u010di\u0107e, gnijezditi dodatno pra\u0107enje tre\u0107ih strana i nadgledati va\u0161u interakciju s tim ugnije\u017e\u0111enim sadr\u017eajem, uklju\u010duju\u0107i pra\u0107enje va\u0161e interakcije s ugnije\u017e\u0111enim sadr\u017eajem ako imate ra\u010dun i ako ste prijavljeni na tu web stranicu.<\/p>\n\n\n\n<p>Analitika<br>S kim delimo va\u0161e podatke?<br>Koliko dugo \u010duvamo va\u0161e podatke<br>Ako ostavite komentar, taj komentar i njegovi metapodaci pohranjuju se na neodre\u0111eno vrijeme. Ovo je prepoznavanje i automatsko odobravanje svih naknadnih komentara, umjesto da ih se odr\u017ei u redu za pregled.<\/p>\n\n\n\n<p>Za korisnike koji se registruju na na\u0161im web lokacijama (ako ih ima), tako\u0111e pohranjujemo li\u010dne podatke koje dostave u svoj korisni\u010dki profil. Svi korisnici mogu u bilo kojem trenutku pregledati, urediti ili izbrisati svoje li\u010dne podatke (osim \u0161to ne mogu promijeniti korisni\u010dko ime). Menad\u017eeri web lokacija mogu tako\u0111e pregledati i urediti ove informacije.<\/p>\n\n\n\n<p>Koja prava imate u odnosu na va\u0161e podatke<br>Ako imate ra\u010dun na ovoj web lokaciji ili ste ostavili komentare, mo\u017eete zatra\u017eiti da primimo datoteku s izvezenim li\u010dnim podacima koje imamo o vama, uklju\u010duju\u0107i sve podatke koje ste nam dostavili. Tako\u0111e mo\u017eete zatra\u017eiti da izbri\u0161emo sve li\u010dne podatke koje imamo o vama. Ovo ne uklju\u010duje nikakve podatke koje smo du\u017eni \u010duvati iz administrativnih, pravnih ili sigurnosnih razloga.<\/p>\n\n\n\n<p>Gdje \u0161aljemo va\u0161e podatke<br>Komentari posjetitelja mogu se provjeriti putem usluge automatskog prepoznavanja ne\u017eeljene po\u0161te.<\/p>\n\n\n\n<p>Va\u0161e kontakt informacije<br>Ako imate pitanja o na\u0161oj poslovnoj politici ili bilo koje drugo pitanje, slobodno nas kontaktirajte na info@spafits.com.<\/p>\n\n\n\n<p>Dodatne informacije<br>Koristimo kola\u010di\u0107e i druge alate za prikupljanje podataka, kao \u0161to su web svjetionici, za prikupljanje podataka koji nam poma\u017eu da personaliziramo va\u0161u upotrebu na\u0161ih web stranica i mobilnih aplikacija. Tako\u0111e radimo sa raznim ogla\u0161iva\u010dima, oglasnim mre\u017eama, ogla\u0161iva\u010dkim serverima i analiti\u010dkim kompanijama (u daljem tekstu \u201ePartneri za ogla\u0161avanje\u201c), koje koriste razli\u010dite tehnologije, uklju\u010duju\u0107i kola\u010di\u0107e, za prikupljanje podataka o va\u0161oj upotrebi Usluga, poput stranica koje pose\u0107ujete i oglase koje pregledate ili kliknete na njih, tako da vam mi i na\u0161i partneri za oglase isporu\u010dujemo oglase na osnovu va\u0161ih interesa i mre\u017enih aktivnosti.<\/p>\n\n\n\n<p>Informacije o kola\u010di\u0107ima<br>Kola\u010di\u0107i su datoteke podataka koje se pohranjuju u va\u0161em pregledniku kada komunicirate s web stranicom. Ove datoteke podataka omogu\u0107avaju web lokaciji da se prisjeti va\u017enih informacija o va\u0161oj posjeti i poma\u017eu vam da pobolj\u0161ate svoje iskustvo.<\/p>\n\n\n\n<p>Kori\u0161tenjem ove tehnologije posjetiteljima mo\u017eemo olak\u0161ati registraciju ra\u010duna, naru\u010divanje proizvoda, prijavljivanje i sudjelovanje u nagradnim igrama i natje\u010dajima te pru\u017eanje drugih zna\u010dajki na na\u0161im web lokacijama, poput prikazivanja oglasa na osnovu va\u0161ih interesa ili povijesti pregledavanja. Za web lokacije koje dopu\u0161taju internetsku kupovinu koristimo kola\u010di\u0107e za pam\u0107enje i obradu predmeta u va\u0161oj ko\u0161arici.<\/p>\n\n\n\n<p>Za prikupljanje podataka koristimo i kola\u010di\u0107e<\/p>\n","protected":false},"excerpt":{"rendered":"<p>Ko smo miAdresa na\u0161e web stranice je: https:\/\/cg.spafits.com. Koje li\u010dne podatke prikupljamo i za\u0161to ih prikupljamoKomentariKada posjetitelji ostavljaju komentare na<\/p>\n","protected":false},"author":1,"featured_media":0,"parent":0,"menu_order":0,"comment_status":"closed","ping_status":"closed","template":"","meta":{"footnotes":""},"class_list":["post-10229","page","type-page","status-publish","hentry"],"_links":{"self":[{"href":"https:\/\/cg.spafits.com\/index.php\/wp-json\/wp\/v2\/pages\/10229","targetHints":{"allow":["GET"]}}],"collection":[{"href":"https:\/\/cg.spafits.com\/index.php\/wp-json\/wp\/v2\/pages"}],"about":[{"href":"https:\/\/cg.spafits.com\/index.php\/wp-json\/wp\/v2\/types\/page"}],"author":[{"embeddable":true,"href":"https:\/\/cg.spafits.com\/index.php\/wp-json\/wp\/v2\/users\/1"}],"replies":[{"embeddable":true,"href":"https:\/\/cg.spafits.com\/index.php\/wp-json\/wp\/v2\/comments?post=10229"}],"version-history":[{"count":1,"href":"https:\/\/cg.spafits.com\/index.php\/wp-json\/wp\/v2\/pages\/10229\/revisions"}],"predecessor-version":[{"id":10230,"href":"https:\/\/cg.spafits.com\/index.php\/wp-json\/wp\/v2\/pages\/10229\/revisions\/10230"}],"wp:attachment":[{"href":"https:\/\/cg.spafits.com\/index.php\/wp-json\/wp\/v2\/media?parent=10229"}],"curies":[{"name":"wp","href":"https:\/\/api.w.org\/{rel}","templated":true}]}}